{"id":797,"date":"2014-12-16T11:33:47","date_gmt":"2014-12-16T10:33:47","guid":{"rendered":"https:\/\/artkinomreza.si\/wp25\/wp21\/wp21\/?page_id=797"},"modified":"2015-01-12T18:09:49","modified_gmt":"2015-01-12T17:09:49","slug":"cirkus","status":"publish","type":"page","link":"https:\/\/artkinomreza.si\/wp25\/cirkus\/","title":{"rendered":"Cirkus"},"content":{"rendered":"<h2><strong>Cirkus <\/strong><em>The Circus<\/em><\/h2>\n<p>Charles Chaplin, ZDA, 1928, DCP, 72 min, angle\u0161ki mednapisi s slovenskimi podnapisi, distribucija Slovenska kinoteka<\/p>\n<p><span style=\"color: #808080;\">Priporo\u010deno za vse generacije<\/span><em><span style=\"color: #808080;\"><br \/>\n<\/span><\/em><a href=\"https:\/\/artkinomreza.si\/wp25\/wp-content\/uploads\/2015\/01\/cirkus_pg.pdf\"><span style=\"text-decoration: underline;\">Povezava do pedago\u0161kega gradiva<\/span><\/a><\/p>\n<p><img loading=\"lazy\" decoding=\"async\" class=\"alignleft\" src=\"https:\/\/artkinomreza.si\/wp25\/wp-content\/uploads\/2014\/12\/Cirkus_01.jpg\" alt=\"\" width=\"818\" height=\"519\" \/><\/p>\n<p>Potepuha po krivem obdol\u017eijo tatvine, zato ga preganja policija. Na svojem begu se znajde v areni cirkusa sredi \u010darovni\u0161ke to\u010dke. Njegov \u00bbnastop\u00ab po\u017eanje obilico smeha in aplavz publike. Upravnik ga vzame v slu\u017ebo, vendar s prevaro! Potepuhu ponudi delo rekviziterja, v resnici pa v areni s svojimi nerodnostmi kot klovn zabava ob\u010dinstvo. Mno\u017eice derejo v cirkus, Potepuh pa se zaljubi v upravnikovo h\u010der. Ko se kon\u010dno upre prevarantskemu upravniku in zahteva pla\u010dilo, ki mu pripada, je videti, da ga od sre\u010dne poroke lo\u010di le \u0161e korak. A kaj ko v cirkus prispe postavni vrvohodec &#8230; Za naklonjenost dekleta je Charlie pripravljen tudi stopiti na vrv! Bo uspe\u0161no izvedel vrtoglavo to\u010dko in osvojil dekletovo srce?<\/p>\n<p>Film <strong>Cirkus <\/strong>kar poka od napetih, virtuoznih vrhuncev in zlahka ga ozna\u010dimo kot eno najbolj \u017elahtnih komedij v zgodovini filma. Prejel je tudi nagrado Akademije na prvi podelitvi leta 1929, \u0161e preden se je uradno imenovala oskar.<\/p>\n<p><strong>Teme za pogovor<\/strong>: cirkus in \u017eivljenje v njem, solidarnost, izkori\u0161\u010danje, rev\u0161\u010dina, mo\u010d postaviti se zase, pravi\u010dnost, ljubezen in razo\u010daranje, (ne)uspeh, nema \u010drno-bela komedija, filmska izrazna sredstva, zgodovina filma, delo in \u017eivljenje Charlesa Chaplina<\/p>\n<p><strong>Uporabno pri predmetih<\/strong>: sloven\u0161\u010dina, likovna umetnost, glasbena umetnost, dru\u017eba, domovinska in dr\u017eavljanska kultura ter etika, sociologija, filozofija, likovna umetnost<\/p>\n","protected":false},"excerpt":{"rendered":"<p>Cirkus The Circus Charles Chaplin, ZDA, 1928, DCP, 72 min, angle\u0161ki mednapisi s slovenskimi podnapisi, distribucija Slovenska kinoteka Priporo\u010deno za vse generacije Povezava do pedago\u0161kega gradiva Potepuha po krivem obdol\u017eijo tatvine, zato ga preganja policija. Na svojem begu se znajde v areni cirkusa sredi \u010darovni\u0161ke to\u010dke. Njegov \u00bbnastop\u00ab po\u017eanje obilico smeha in aplavz publike. Upravnik [&hellip;]<\/p>\n","protected":false},"author":30,"featured_media":0,"parent":0,"menu_order":0,"comment_status":"open","ping_status":"open","template":"","meta":{"_themeisle_gutenberg_block_has_review":false,"footnotes":""},"class_list":["post-797","page","type-page","status-publish","hentry"],"_links":{"self":[{"href":"https:\/\/artkinomreza.si\/wp25\/wp-json\/wp\/v2\/pages\/797","targetHints":{"allow":["GET"]}}],"collection":[{"href":"https:\/\/artkinomreza.si\/wp25\/wp-json\/wp\/v2\/pages"}],"about":[{"href":"https:\/\/artkinomreza.si\/wp25\/wp-json\/wp\/v2\/types\/page"}],"author":[{"embeddable":true,"href":"https:\/\/artkinomreza.si\/wp25\/wp-json\/wp\/v2\/users\/30"}],"replies":[{"embeddable":true,"href":"https:\/\/artkinomreza.si\/wp25\/wp-json\/wp\/v2\/comments?post=797"}],"version-history":[{"count":8,"href":"https:\/\/artkinomreza.si\/wp25\/wp-json\/wp\/v2\/pages\/797\/revisions"}],"predecessor-version":[{"id":974,"href":"https:\/\/artkinomreza.si\/wp25\/wp-json\/wp\/v2\/pages\/797\/revisions\/974"}],"wp:attachment":[{"href":"https:\/\/artkinomreza.si\/wp25\/wp-json\/wp\/v2\/media?parent=797"}],"curies":[{"name":"wp","href":"https:\/\/api.w.org\/{rel}","templated":true}]}}