{"id":728,"date":"2014-11-24T12:27:27","date_gmt":"2014-11-24T11:27:27","guid":{"rendered":"https:\/\/artkinomreza.si\/wp25\/wp21\/wp21\/?page_id=728"},"modified":"2014-11-24T12:52:06","modified_gmt":"2014-11-24T11:52:06","slug":"filmska-vzgoja-20142015","status":"publish","type":"page","link":"https:\/\/artkinomreza.si\/wp25\/filmska-vzgoja-20142015\/","title":{"rendered":"Filmska vzgoja 2014\/2015"},"content":{"rendered":"<p>V \u0161olskem letu 2014\/2015 v Art kino mre\u017ei Slovenije poteka ve\u010d filmsko-vzgojnih dejavnosti, namenjenih vzgojno-izobra\u017eevalnim zavodom po vsej Sloveniji. Kar nekaj vam jih je na voljo brezpla\u010dno:<\/p>\n<p><strong>\u00a0<\/strong><\/p>\n<ul>\n<li><strong>BREZPLA\u010cNI NACIONALNI FILMSKO-VZGOJNI PROGRAM<\/strong><\/li>\n<\/ul>\n<p>Program omogo\u010da brezpla\u010den ogled kakovostnih filmov. Poleg filmskih projekcij program nudi tudi brezpla\u010dne spremljevalne dejavnosti (uvodi, pogovori, delavnice, knji\u017eice, pedago\u0161ka gradiva). Program se izvaja v 22 kinematografih po vsej Sloveniji. Prijavite se lahko preko kontakta koordinatorke.<\/p>\n<p>V program se lahko vklju\u010dijo: pred\u0161olski otroci (zadnja generacija vrtcev), u\u010denci 4. in 8. razredov osnovne \u0161ole ter dijaki 3. letnikov srednje \u0161ole.<\/p>\n<p><a title=\"Ve\u010d informacij &gt;&gt;\" href=\"https:\/\/artkinomreza.si\/wp25\/nacionalni-filmsko-vzgojni-program\/\"><strong>Ve\u010d informacij&gt;&gt;<\/strong><\/a><\/p>\n<p>&nbsp;<\/p>\n<ul>\n<li><strong>Brezpla\u010dne pedago\u0161ke vsebine k \u0161olskim projekcijam <\/strong><\/li>\n<\/ul>\n<p>Program \u017ee drugo leto omogo\u010da brezpla\u010dne kakovostne filmsko-vzgojne dejavnosti ob pla\u010dljivem ogledu filma. Projekt se izvaja v 15 kinematografih po vsej Sloveniji. Prijavite se lahko preko izbranega kinematografa.<\/p>\n<p>V program se lahko vklju\u010dijo vse generacije otrok in mladostnikov med 3. do 18. letom v vrtcih, osnovnih in srednjih \u0161olah.<\/p>\n<p><a title=\"Ve\u010d informacij &gt;&gt;\" href=\"https:\/\/artkinomreza.si\/wp25\/brezplacna-filmska-vzgoja-v-slovenskih-kinematografih-v-solskem-letu-20142015\/\"><strong>Ve\u010d informacij&gt;&gt;<\/strong><\/a><\/p>\n<p>&#8212;&#8212;&#8212;&#8212;&#8212;&#8212;-<\/p>\n<p>Poleg omenjenih brezpla\u010dnih programov so vam s samostojnimi filmsko-vzgojnimi dejavnostmi na voljo tudi art kinematografi sami. Podatke o posameznih art kinematografih najdete na spletni strani: <a href=\"https:\/\/artkinomreza.si\/wp25\/seznam-clanov\/\">https:\/\/artkinomreza.si\/wp25\/seznam-clanov\/<\/a> .<\/p>\n","protected":false},"excerpt":{"rendered":"<p>V \u0161olskem letu 2014\/2015 v Art kino mre\u017ei Slovenije poteka ve\u010d filmsko-vzgojnih dejavnosti, namenjenih vzgojno-izobra\u017eevalnim zavodom po vsej Sloveniji. Kar nekaj vam jih je na voljo brezpla\u010dno: \u00a0 BREZPLA\u010cNI NACIONALNI FILMSKO-VZGOJNI PROGRAM Program omogo\u010da brezpla\u010den ogled kakovostnih filmov. Poleg filmskih projekcij program nudi tudi brezpla\u010dne spremljevalne dejavnosti (uvodi, pogovori, delavnice, knji\u017eice, pedago\u0161ka gradiva). Program se [&hellip;]<\/p>\n","protected":false},"author":19,"featured_media":0,"parent":0,"menu_order":0,"comment_status":"open","ping_status":"open","template":"","meta":{"_themeisle_gutenberg_block_has_review":false,"footnotes":""},"class_list":["post-728","page","type-page","status-publish","hentry"],"_links":{"self":[{"href":"https:\/\/artkinomreza.si\/wp25\/wp-json\/wp\/v2\/pages\/728","targetHints":{"allow":["GET"]}}],"collection":[{"href":"https:\/\/artkinomreza.si\/wp25\/wp-json\/wp\/v2\/pages"}],"about":[{"href":"https:\/\/artkinomreza.si\/wp25\/wp-json\/wp\/v2\/types\/page"}],"author":[{"embeddable":true,"href":"https:\/\/artkinomreza.si\/wp25\/wp-json\/wp\/v2\/users\/19"}],"replies":[{"embeddable":true,"href":"https:\/\/artkinomreza.si\/wp25\/wp-json\/wp\/v2\/comments?post=728"}],"version-history":[{"count":4,"href":"https:\/\/artkinomreza.si\/wp25\/wp-json\/wp\/v2\/pages\/728\/revisions"}],"predecessor-version":[{"id":740,"href":"https:\/\/artkinomreza.si\/wp25\/wp-json\/wp\/v2\/pages\/728\/revisions\/740"}],"wp:attachment":[{"href":"https:\/\/artkinomreza.si\/wp25\/wp-json\/wp\/v2\/media?parent=728"}],"curies":[{"name":"wp","href":"https:\/\/api.w.org\/{rel}","templated":true}]}}