{"id":4,"date":"2011-07-22T19:34:20","date_gmt":"2011-07-22T17:34:20","guid":{"rendered":"https:\/\/artkinomreza.si\/wp25\/wp21\/wp21\/?page_id=4"},"modified":"2017-11-07T15:21:24","modified_gmt":"2017-11-07T14:21:24","slug":"osnovne-informacije","status":"publish","type":"page","link":"https:\/\/artkinomreza.si\/wp25\/osnovne-informacije\/","title":{"rendered":"Osnovne informacije"},"content":{"rendered":"<p>Art kino mre\u017ea \u2013 zdru\u017eenje kinematografov in prikazovalcev kakovostnega in umetni\u0161kega filma Slovenije<br \/>\nSkraj\u0161ano ime: Art kino mre\u017ea Slovenije, zdru\u017eenje<br \/>\nV angle\u0161kem jeziku: Slovenian Art Cinema Association<\/p>\n<p>Naslov:<\/p>\n<blockquote><p>Art kino mre\u017ea Slovenije, zdru\u017eenje<br \/>\nFrancetova cesta 5<br \/>\n2380 Slovenj Gradec<br \/>\nSlovenija<\/p><\/blockquote>\n<p>Kontakti:<\/p>\n<blockquote><p>info@artkinomreza.si<\/p><\/blockquote>\n<p>mati\u010dna \u0161tevilka: 4020910000<br \/>\ndav\u010dna \u0161tevilka: 24146170<br \/>\ntransakcijski ra\u010dun: IBAN SI56 0317 5100 0346 658 (T) SKB BANKA D.D. LJUBLJANA<\/p>\n","protected":false},"excerpt":{"rendered":"<p>Art kino mre\u017ea \u2013 zdru\u017eenje kinematografov in prikazovalcev kakovostnega in umetni\u0161kega filma Slovenije Skraj\u0161ano ime: Art kino mre\u017ea Slovenije, zdru\u017eenje V angle\u0161kem jeziku: Slovenian Art Cinema Association Naslov: Art kino mre\u017ea Slovenije, zdru\u017eenje Francetova cesta 5 2380 Slovenj Gradec Slovenija Kontakti: info@artkinomreza.si mati\u010dna \u0161tevilka: 4020910000 dav\u010dna \u0161tevilka: 24146170 transakcijski ra\u010dun: IBAN SI56 0317 5100 0346 [&hellip;]<\/p>\n","protected":false},"author":19,"featured_media":0,"parent":0,"menu_order":0,"comment_status":"open","ping_status":"open","template":"","meta":{"_themeisle_gutenberg_block_has_review":false,"footnotes":""},"class_list":["post-4","page","type-page","status-publish","hentry"],"_links":{"self":[{"href":"https:\/\/artkinomreza.si\/wp25\/wp-json\/wp\/v2\/pages\/4","targetHints":{"allow":["GET"]}}],"collection":[{"href":"https:\/\/artkinomreza.si\/wp25\/wp-json\/wp\/v2\/pages"}],"about":[{"href":"https:\/\/artkinomreza.si\/wp25\/wp-json\/wp\/v2\/types\/page"}],"author":[{"embeddable":true,"href":"https:\/\/artkinomreza.si\/wp25\/wp-json\/wp\/v2\/users\/19"}],"replies":[{"embeddable":true,"href":"https:\/\/artkinomreza.si\/wp25\/wp-json\/wp\/v2\/comments?post=4"}],"version-history":[{"count":7,"href":"https:\/\/artkinomreza.si\/wp25\/wp-json\/wp\/v2\/pages\/4\/revisions"}],"predecessor-version":[{"id":1566,"href":"https:\/\/artkinomreza.si\/wp25\/wp-json\/wp\/v2\/pages\/4\/revisions\/1566"}],"wp:attachment":[{"href":"https:\/\/artkinomreza.si\/wp25\/wp-json\/wp\/v2\/media?parent=4"}],"curies":[{"name":"wp","href":"https:\/\/api.w.org\/{rel}","templated":true}]}}