{"id":3217,"date":"2025-04-29T08:13:46","date_gmt":"2025-04-29T06:13:46","guid":{"rendered":"https:\/\/artkinomreza.si\/wp25\/?page_id=3217"},"modified":"2025-04-29T08:20:58","modified_gmt":"2025-04-29T06:20:58","slug":"dobre-prakse-v-kinematografih","status":"publish","type":"page","link":"https:\/\/artkinomreza.si\/wp25\/dobre-prakse-v-kinematografih\/","title":{"rendered":"Dobre prakse v kinematografih"},"content":{"rendered":"\n<div class=\"wp-block-group alignwide is-layout-flow wp-block-group-is-layout-flow\">\n<h1 class=\"wp-block-heading has-text-align-center\">Dobre prakse v kinematografih<\/h1>\n\n\n\n<div style=\"height:20px\" aria-hidden=\"true\" class=\"wp-block-spacer\"><\/div>\n\n\n\n<div class=\"wp-block-query is-layout-flow wp-block-query-is-layout-flow\"><ul class=\"wp-block-post-template is-layout-flow wp-block-post-template-is-layout-flow\"><li class=\"wp-block-post post-3211 post type-post status-publish format-standard hentry category-dobre-prakse\">\n<h2 class=\"has-link-color wp-elements-1c68d29db56675c5504ff654de76f80c wp-block-post-title has-text-color has-custom-rde-a-color has-background has-contrast-background-color has-large-font-size\"><a href=\"https:\/\/artkinomreza.si\/wp25\/programi-zvestobe-v-kinematografih-doma-in-v-tujini\/\" target=\"_self\" >Programi zvestobe v kinematografih doma in v tujini<\/a><\/h2>\n\n<div class=\"wp-block-post-excerpt\"><p class=\"wp-block-post-excerpt__excerpt\">Kinematografi vedno i\u0161\u010demo nove na\u010dine za gradnjo dolgotrajnih odnosov z obiskovalci, predvsem prek &#8216;programov zvestobe&#8217;, le teh pa ni malo. Osnovno na\u010delo tovrstnih&hellip;<\/p><p class=\"wp-block-post-excerpt__more-text\"><a class=\"wp-block-post-excerpt__more-link\" href=\"https:\/\/artkinomreza.si\/wp25\/programi-zvestobe-v-kinematografih-doma-in-v-tujini\/\">&#8220;Preberi ve\u010d&#8221;<\/a><\/p><\/div>\n\n\n<div class=\"wp-block-group is-nowrap is-layout-flex wp-container-core-group-is-layout-6c531013 wp-block-group-is-layout-flex\"><div class=\"taxonomy-category wp-block-post-terms\"><a href=\"https:\/\/artkinomreza.si\/wp25\/category\/dobre-prakse\/\" rel=\"tag\">Dobre prakse<\/a><\/div><\/div>\n\n\n\n<div style=\"height:20px\" aria-hidden=\"true\" class=\"wp-block-spacer\"><\/div>\n\n<\/li><\/ul>\n\n\n\n<\/div>\n<\/div>\n\n\n\n<p><\/p>\n","protected":false},"excerpt":{"rendered":"<p>Dobre prakse v kinematografih<\/p>\n","protected":false},"author":19,"featured_media":0,"parent":0,"menu_order":0,"comment_status":"closed","ping_status":"closed","template":"","meta":{"_themeisle_gutenberg_block_has_review":false,"footnotes":""},"class_list":["post-3217","page","type-page","status-publish","hentry"],"_links":{"self":[{"href":"https:\/\/artkinomreza.si\/wp25\/wp-json\/wp\/v2\/pages\/3217","targetHints":{"allow":["GET"]}}],"collection":[{"href":"https:\/\/artkinomreza.si\/wp25\/wp-json\/wp\/v2\/pages"}],"about":[{"href":"https:\/\/artkinomreza.si\/wp25\/wp-json\/wp\/v2\/types\/page"}],"author":[{"embeddable":true,"href":"https:\/\/artkinomreza.si\/wp25\/wp-json\/wp\/v2\/users\/19"}],"replies":[{"embeddable":true,"href":"https:\/\/artkinomreza.si\/wp25\/wp-json\/wp\/v2\/comments?post=3217"}],"version-history":[{"count":4,"href":"https:\/\/artkinomreza.si\/wp25\/wp-json\/wp\/v2\/pages\/3217\/revisions"}],"predecessor-version":[{"id":3221,"href":"https:\/\/artkinomreza.si\/wp25\/wp-json\/wp\/v2\/pages\/3217\/revisions\/3221"}],"wp:attachment":[{"href":"https:\/\/artkinomreza.si\/wp25\/wp-json\/wp\/v2\/media?parent=3217"}],"curies":[{"name":"wp","href":"https:\/\/api.w.org\/{rel}","templated":true}]}}