{"id":312,"date":"2013-10-22T10:20:53","date_gmt":"2013-10-22T08:20:53","guid":{"rendered":"https:\/\/artkinomreza.si\/wp25\/wp21\/wp21\/?page_id=312"},"modified":"2014-03-28T07:53:37","modified_gmt":"2014-03-28T06:53:37","slug":"filmska-vzgoja","status":"publish","type":"page","link":"https:\/\/artkinomreza.si\/wp25\/filmska-vzgoja\/","title":{"rendered":"Filmska vzgoja 2013\/2014"},"content":{"rendered":"<p>Filmska vzgoja v slovenskih kinematografih v \u0161olskem letu 2013\/2014<\/p>\n<p>&nbsp;<\/p>\n<p><a title=\"Katalog\" href=\"https:\/\/artkinomreza.si\/wp25\/wp-content\/uploads\/2013\/10\/Katalog-filmov-in-filmsko-vzgojnih-programov-2013-14_AKMS.pdf\" target=\"_blank\"><img loading=\"lazy\" decoding=\"async\" class=\"alignnone size-full wp-image-323\" title=\"Katalog\" src=\"https:\/\/artkinomreza.si\/wp25\/wp-content\/uploads\/2013\/10\/Katalog.png\" alt=\"\" width=\"450\" height=\"318\" \/><\/a><\/p>\n<p><strong>Art kino mre\u017ea Slovenije (AKMS)<\/strong> v \u0161olskem letu 2013\/2014 pri\u010denja z izvajanjem filmske vzgoje v slovenskih kinematografih. Z uvajanjem filmske vzgoje v svoj program, se AKMS pridru\u017euje skupnim prizadevanjem v okviru vizije<strong> <\/strong><strong>Nacionalnega programa filmske vzgoje (NPFV).<\/strong> Dokument NPFV, ki se bo predvidoma oblikoval do maja 2014, med svojimi pomembnej\u0161imi cilji izpostavlja uvrstitev filmske in medijske vzgoje v \u0161olske kurikulume, pri \u010demer pomembno vlogo, predvsem pri omogo\u010danju in negovanju kakovostnega filmskega in vzgojno-izobra\u017eevalnega spremljevalnega programa, vidimo tudi kinematografi.<\/p>\n<p><strong>Medijska pismenost<\/strong> v dana\u0161nji, z avdio-vizualnimi vsebinami pre\u017eeti dru\u017ebi, <strong>postaja klju\u010dnega pomena. <\/strong>Avdio-vizualne vsebine so velikokrat zakodirane v jezik, ki ga otroci in mladi v\u010dasih te\u017eko razumejo.<strong> <\/strong>Zato jim \u017eelimo s strokovno pomo\u010djo mentorjev pomagati pri razbiranju njihovega dru\u017ebenega in umetni\u0161kega konteksta. Na\u0161 projekt je tako za\u010detek strate\u0161kega pristopa k sistematizirani uporabi filmske vzgoje in je kot tak lahko tudi eden od primernih vzor\u010dnih projektov za sooblikovanje NPFV.<\/p>\n<p>&nbsp;<\/p>\n<p>Kot eden izmed pobudnikov Nacionalnega programa filmske vzgoje, se v AKMS dobro zavedamo pomena in nujnosti vklju\u010ditve filmskega opismenjevanja, tako v formalno kot neformalno izobra\u017eevanje. Zato smo se, tudi na podlagi pozitivne izku\u0161nje zelo uspe\u0161no izpeljanega pedago\u0161kega programa v okviru projekta <strong><a href=\"http:\/\/2012.filmskiteden.eu\/\" target=\"_blank\">Filmski teden Evrope 2012<\/a> in <a href=\"http:\/\/www.filmskiteden.eu\/\" target=\"_blank\">2013<\/a><\/strong> (katerega naro\u010dniki so bili<a href=\"http:\/\/ec.europa.eu\/index_sl.htm\" target=\"_blank\"> <strong>Predstavni\u0161tvo Evropske komisije<\/strong><\/a>, <a href=\"http:\/\/www.europarl.si\/view\/sl\/index.html\" target=\"_blank\"><strong>Informacijska pisarna Evropskega parlamenta<\/strong><\/a> in <a href=\"http:\/\/www.ukom.gov.si\/\" target=\"_blank\"><strong>Urad Vlade RS za komuniciranje<\/strong><\/a>, sodelovali pa smo tudi z <a href=\"http:\/\/www.mediadesk.si\/\" target=\"_blank\"><strong>MEDIA Desk Slovenija<\/strong><\/a>)<em>, <\/em>odlo\u010dili, da bomo mlademu ob\u010dinstvu filmsko vzgojo ponudili v \u010dim ve\u010d slovenskih kinematografih.<\/p>\n<p>Na <a href=\"http:\/\/www.film-center.si\/\" target=\"_blank\"><strong>Slovenskem filmskem centru (SFC)<\/strong><\/a> je junija 2013 AKMS prejela sredstva za izvajanje projekta <em>Filmska vzgoja v slovenskih kinematografih v \u0161olskem letu 2013\/2014<\/em>. Namen projekta je \u010dim ve\u010d otrokom omogo\u010diti kvatiteten, kontinuiran in brezpla\u010den program filmske vzgoje. Glede na razpolo\u017eljiva sredstva bomo v tem \u0161olskem letu izvedli <strong>25 filmsko-vzgojnih projektov<\/strong> v <strong>10 kinematografih, ki so vklju\u010deni v AKMS.<\/strong> Projekt bomo izpeljali skupaj s strokovnimi sodelavci <a href=\"http:\/\/www.vizo.si\/\" target=\"_blank\"><strong>Zavoda Vizo<\/strong><\/a>. Pri izvedbi projekta dobro sodelujemo tudi s <a href=\"http:\/\/www.kinodvor.org\/kinobalon\/\" target=\"_blank\"><strong>Kinobalonom<\/strong><\/a> (programom za otroke in mlade v Kinodvoru), ki nam dovoljuje uporabo svojih pedago\u0161kih gradiv za star\u0161e in u\u010ditelje, napisanih prav posebej za izbrane filme.<\/p>\n<p>Projekt bo izveden v naslednjih krajih:<\/p>\n<ul>\n<li><strong>Slovenj Gradec<\/strong>: Kulturni dom Slovenj Gradec<br \/>\nRoman Novak \/\/ <a href=\"mailto:kulturni.dom@siol.net\">kulturni.dom@siol.net<\/a><\/li>\n<li><strong>Dom\u017eale<\/strong>: Kulturni dom Franca Bernika Dom\u017eale<br \/>\nJure Mati\u010di\u010d \/\/ <a href=\"mailto:jure@kd-domzale.si\">jure@kd-domzale.si<\/a><\/li>\n<li><strong>Celje<\/strong>: Kino Metropol<br \/>\nSamo Seni\u010dar \/\/ <a href=\"mailto:info@kinometropol.org\">info@kinometropol.org<\/a><\/li>\n<li><strong>Roga\u0161ka Slatina<\/strong>: Kino Roga\u0161ka<br \/>\nTobija Medved \/\/ <a href=\"mailto:tobija.medved@amis.net\">tobija.medved@amis.net<\/a><\/li>\n<li><strong>Izola<\/strong>: Kino Odeon<br \/>\nPetra Bo\u017ei\u010d \/\/ <a href=\"mailto:petra@odeon.si\">petra@odeon.si<\/a><\/li>\n<li><strong>Trbovlje<\/strong>: Delavski dom Trbovlje<br \/>\nAndrej Udu\u010d \/\/ <a href=\"mailto:kino.ddt@gmail.com\">kino.ddt@gmail.com<\/a><\/li>\n<li><strong>Kr\u0161ko<\/strong>: Kulturni dom Kr\u0161ko<br \/>\nBreda \u0160pacapan \/\/ <a href=\"mailto:breda.spacapan@kd-krsko.si\">breda.spacapan@kd-krsko.si<\/a><\/li>\n<li><strong>Se\u017eana<\/strong>: Kosovelov dom Se\u017eana<br \/>\nDavid Ter\u010don \/\/ <a href=\"mailto:david@kosovelovdom.si\">david@kosovelovdom.si<\/a><\/li>\n<li><strong>Nova Gorica<\/strong>: Kulturni dom Nova Gorica<br \/>\nMateja Polj\u0161ak Furlan \/\/ <a href=\"mailto:mestnagalerija@kulturnidom-ng.si\">mestnagalerija@kulturnidom-ng.si<\/a><\/li>\n<li><strong>Dobrepolje \u2013 Velike La\u0161\u010de<\/strong>: Kino Dobrepolje<br \/>\nTone Steklasa \/\/ <a href=\"mailto:tone.steklasa@siol.net\">tone.steklasa@siol.net<\/a><\/li>\n<\/ul>\n<p>&nbsp;<\/p>\n<p>Projekt izhaja iz potrebe po <strong>razvijanju celovite medijske pismenosti<\/strong>, oziroma, kar je \u0161e pomembnej\u0161e, <strong>razvijanju odnosa do filmske kulture<\/strong>. Poleg ponudbe kakovostnega in raznovrstnega filmskega programa, bomo sku\u0161ali s filmsko vzgojo poudariti pomen filma za kriti\u010den premislek o na\u0161i dru\u017ebi, o svetu, v katerem \u017eivimo in nenazadnje tudi o nas samih. Filmska vzgoja bo temeljila na ogledu kakovostne filmske vsebine, na seznanjanju z raznolikimi filmskimi stvaritvami, spoznavanju kreativnega ustvarjanja filmskih del in kriti\u010dnem branju, ter posledi\u010dno razumevanju filma. S pedago\u0161kim pogovorom ob filmu, pogovorom z gostom, delavnicami, multimedijskimi predavanji in okroglimi mizami bomo tako razvijali tudi artikulacijo lastnega mnenja, kriti\u010dno mi\u0161ljenje in ustvarjalnost.<\/p>\n<p>&nbsp;<\/p>\n<p>Z ozirom na na\u010din dela<strong> <\/strong>in<strong> <\/strong>starostne kategorije, smo pripravili tudi<a href=\"https:\/\/artkinomreza.si\/wp25\/wp-content\/uploads\/2013\/10\/Katalog-filmov-in-filmsko-vzgojnih-programov-2013-14_AKMS.pdf\" target=\"_blank\"> <strong>katalog filmskih vzgojno-izobra\u017eevalnih vsebin.<\/strong><\/a><strong> <\/strong>Katalog ni zavezujo\u010d, sproti se bodo dodajali tudi novi, relevantni in bolj aktualni filmski naslovi (med drugimi <em>Ve\u010d kot med<\/em> (Markus Imhoof, \u0160vica\/Nem\u010dija\/Avstrija, 2012 in <em>Duh leta &#8217;45<\/em> (Ken Loach, Velika Britanija, 2013).<strong> <\/strong>\u017delja in cilj projekta je tudi, da se iniciativa prihodnje leto raz\u0161iri med ve\u010d \u010dlanov AKMS.<\/p>\n<p>&nbsp;<\/p>\n<p><span style=\"text-decoration: underline;\">Koledar dogodkov<\/span><\/p>\n<ul>\n<li><strong>4. 10. 2013<\/strong> \/\/ <strong>Dom\u017eale<\/strong>: KD Dom\u017eale<\/li>\n<\/ul>\n<p>Pogovor ob filmu <a href=\"http:\/\/www.kinodvor.org\/media\/kauwboy_pg.pdf\" target=\"_blank\"><strong><em>Kauwboy<\/em><\/strong><\/a> (9 \u2013 10 let)<\/p>\n<ul>\n<li><strong>7. 10. 2013<\/strong> \/\/ <strong>Slovenj Gradec<\/strong>: KD Slovenj Gradec<\/li>\n<\/ul>\n<p>Pogovor ob filmu <a href=\"http:\/\/www.kinodvor.org\/media\/vratar_liverpoola_pg.pdf\" target=\"_blank\"><strong><em>Vratar Liverpoola<\/em><\/strong><\/a> (9 \u2013 14 let)<\/p>\n<ul>\n<li><strong>8. 10. 2013<\/strong> \/\/ <strong>Slovenj Gradec<\/strong>: KD Slovenj Gradec<\/li>\n<\/ul>\n<p>Pogovor ob filmu <a href=\"http:\/\/www.kinodvor.org\/media\/vratar_liverpoola_pg.pdf\" target=\"_blank\"><strong><em>Vratar Liverpoola<\/em><\/strong><\/a> (9 \u2013 14 let)<\/p>\n<ul>\n<li><strong>17.10.2013 \/\/ Celje: Kino Metropol<\/li>\n<\/ul>\n<p>Pogovor ob filmu Razredni sovra\u017enik (15 \u2013 18 let)<\/p>\n<ul>\n<li><strong>22. 10. 2013<\/strong> \/\/ <strong>Celje<\/strong>: Kino Metropol<\/li>\n<\/ul>\n<p>Pogovor ob filmu <strong><em>Ime mi je Li<\/em><\/strong> (15 \u2013 18 let)<\/p>\n<ul>\n<li><strong>13. 12. 2013<\/strong> \/\/ <strong>Izola<\/strong>: Kino Odeon<\/li>\n<\/ul>\n<p>Pogovor ob animiranem filmu <a href=\"http:\/\/www.kinodvor.org\/media\/skrivnost_iz_kellsa_pg.pdf\" target=\"_blank\"><strong><em>Skrivnost iz Kellsa<\/em><\/strong><\/a><\/p>\n<ul>\n<li><strong>13.11.2013 <\/strong> \/\/ <strong>Celje<\/strong>: Kino Metropol<\/li>\n<\/ul>\n<p>Pogovor ob filmu Ime mi je Li (15- 18 let)<\/p>\n<ul>\n<li><strong>23.12.2013 <\/strong> \/\/ <strong>Se\u017eana<\/strong>: Kosovelov dom<\/strong><\/li>\n<\/ul>\n<p>Pogovor ob filmu <a href=\"http:\/\/www.kinodvor.org\/media\/kauwboy_pg.pdf\"><em>Kauwboy<\/em><\/a> (13 \u2013 15 let) <\/p>\n<ul>\n<li><strong>24.12.2013 <\/strong> \/\/ <strong>Se\u017eana<\/strong>: Kosovelov dom<\/li>\n<\/ul>\n<p>Pogovor ob filmu <em>Razredni sovra\u017enik<\/em> (15 \u2013 18 let)<\/p>\n<ul>\n<li><strong>5.2.2014 <\/strong> \/\/ <strong>Izola<\/strong>: Kino Odeon<\/li>\n<\/ul>\n<p>Pogovor ob filmu <a href=\"http:\/\/www.kinodvor.org\/media\/ernest-in-celestina_pg.pdf\"><em>Ernest in Celestina<\/em><\/a> (6 \u2013 7 let)<\/p>\n<ul>\n<li><strong>6.2.2014<\/strong> \/\/ <strong>Izola<\/strong>: Kino Odeon<\/li>\n<\/ul>\n<p>Pogovor ob filmu <a href=\"http:\/\/www.kinodvor.org\/media\/ledeni_zmaj_pg.pdf\"><em>Ledeni zmaj<\/em><\/a> (8 let) <\/p>\n<ul>\n<li><strong>7.2.2014<\/strong> \/\/ <strong>Nova Gorica<\/strong>: KD Nova Gorica<\/li>\n<\/ul>\n<p>Pogovor ob filmu <a href=\"http:\/\/www.kinodvor.org\/media\/ledeni_zmaj_pg.pdf\"><em>Ledeni zmaj<\/em><\/a> (9 \u2013 10 let)<\/p>\n<ul>\n<li><strong>11.2.2014<\/strong> \/\/ <strong>Nova Gorica<\/strong>: KD Nova Gorica<\/li>\n<\/ul>\n<p>Pogovor ob filmu <a href=\"http:\/\/www.kinodvor.org\/media\/fant_s_kolesom_pg.pdf\"><em>Fant s kolesom<\/em><\/a> + multimedijsko predavanje Zgodovina filma (12 \u2013 15 let)<\/p>\n<ul>\n<li><strong>14.2.2014<\/strong> \/\/ <strong> Dom\u017eale <\/strong> KD Dom\u017eale<\/li>\n<\/ul>\n<p>Pogovor z re\u017eiserjem filma <em>Razredni sovra\u017enik<\/em> (15 \u2013 16 let)<\/p>\n<ul>\n<li><strong>19.2.2014<\/strong> \/\/ <strong> Dom\u017eale<\/strong>: KD Dom\u017eale<\/li>\n<\/ul>\n<p>Delavnica zvo\u010dnega opremljanja animiranih filmov ob programu kratkih filmov Rumeni slon (4+)<\/p>\n<p><a class=\"lightbox\" title=\"bottom-sfc\" href=\"http:\/\/www.film-center.si\"><img loading=\"lazy\" decoding=\"async\" class=\"alignleft size-full wp-image-344\" title=\"bottom-sfc\" src=\"https:\/\/artkinomreza.si\/wp25\/wp-content\/uploads\/2013\/10\/bottom-sfc.png\" alt=\"\" width=\"82\" height=\"60\" \/><\/a><a class=\"lightbox\" title=\"bottom-vizo\" href=\"http:\/\/www.vizo.si\"><img loading=\"lazy\" decoding=\"async\" class=\"alignright size-full wp-image-345\" title=\"bottom-vizo\" src=\"https:\/\/artkinomreza.si\/wp25\/wp-content\/uploads\/2013\/10\/bottom-vizo.png\" alt=\"\" width=\"123\" height=\"60\" \/><\/a><\/p>\n<p>Projekt Filmska vzgoja v slovenskih kinematografih v \u0161olskem letu 2014\/2014 sofinancira Slovenski filmski center.<\/p>\n","protected":false},"excerpt":{"rendered":"<p>Filmska vzgoja v slovenskih kinematografih v \u0161olskem letu 2013\/2014 &nbsp; Art kino mre\u017ea Slovenije (AKMS) v \u0161olskem letu 2013\/2014 pri\u010denja z izvajanjem filmske vzgoje v slovenskih kinematografih. Z uvajanjem filmske vzgoje v svoj program, se AKMS pridru\u017euje skupnim prizadevanjem v okviru vizije Nacionalnega programa filmske vzgoje (NPFV). Dokument NPFV, ki se bo predvidoma oblikoval do [&hellip;]<\/p>\n","protected":false},"author":19,"featured_media":0,"parent":0,"menu_order":0,"comment_status":"open","ping_status":"open","template":"","meta":{"_themeisle_gutenberg_block_has_review":false,"footnotes":""},"class_list":["post-312","page","type-page","status-publish","hentry"],"_links":{"self":[{"href":"https:\/\/artkinomreza.si\/wp25\/wp-json\/wp\/v2\/pages\/312","targetHints":{"allow":["GET"]}}],"collection":[{"href":"https:\/\/artkinomreza.si\/wp25\/wp-json\/wp\/v2\/pages"}],"about":[{"href":"https:\/\/artkinomreza.si\/wp25\/wp-json\/wp\/v2\/types\/page"}],"author":[{"embeddable":true,"href":"https:\/\/artkinomreza.si\/wp25\/wp-json\/wp\/v2\/users\/19"}],"replies":[{"embeddable":true,"href":"https:\/\/artkinomreza.si\/wp25\/wp-json\/wp\/v2\/comments?post=312"}],"version-history":[{"count":41,"href":"https:\/\/artkinomreza.si\/wp25\/wp-json\/wp\/v2\/pages\/312\/revisions"}],"predecessor-version":[{"id":381,"href":"https:\/\/artkinomreza.si\/wp25\/wp-json\/wp\/v2\/pages\/312\/revisions\/381"}],"wp:attachment":[{"href":"https:\/\/artkinomreza.si\/wp25\/wp-json\/wp\/v2\/media?parent=312"}],"curies":[{"name":"wp","href":"https:\/\/api.w.org\/{rel}","templated":true}]}}