{"id":2383,"date":"2021-01-31T18:17:15","date_gmt":"2021-01-31T17:17:15","guid":{"rendered":"https:\/\/artkinomreza.si\/wp25\/wp21\/?page_id=2383"},"modified":"2025-01-31T11:37:22","modified_gmt":"2025-01-31T10:37:22","slug":"projekti","status":"publish","type":"page","link":"https:\/\/artkinomreza.si\/wp25\/projekti\/","title":{"rendered":"Projekti"},"content":{"rendered":"\n<h2 class=\"wp-block-heading\">Projekti AKMS<\/h2>\n\n\n\n<div class=\"wp-block-group alignwide has-accent-1-background-color has-background is-layout-flow wp-block-group-is-layout-flow\" style=\"padding-top:var(--wp--preset--spacing--30);padding-right:var(--wp--preset--spacing--30);padding-bottom:var(--wp--preset--spacing--30);padding-left:var(--wp--preset--spacing--30)\">\n<h2 class=\"wp-block-heading\">Kinovod<\/h2>\n\n\n\n<p>NAZIV PROJEKTA: <strong>KINO VOD<\/strong><\/p>\n\n\n\n<p class=\"has-medium-font-size\">Trajanje projekta: 1. 10. 2020 \u2013 1. 9. 2021<\/p>\n\n\n\n<p class=\"has-medium-font-size\">Celotna vrednost projekta: 15.000,00 EUR<\/p>\n\n\n\n<p class=\"has-medium-font-size\">Predvideno sofinanciranje projekta: 15.000 EUR<\/p>\n\n\n\n<p><strong>Predmet projekta je priprava na vzpostavitev platforme VOD (video na zahtevo) z delovnim imenom \u00bbKino VOD\u00ab.<\/strong> Projekt vsebuje pripravo tehni\u010dnih, programskih in organizacijskih pogojev za zagon platforme, oblikovno in grafi\u010dno zasnovo, raziskavo trga, ugotavljanje najprimernej\u0161e pravne organiziranosti nosilca platforme ter priprava pravne podlage za odnose s partnerji platforme (kinematografi) in ponudniki avdio-vizualnih vsebin. Predvideni nosilec platforme \u00bbArt kino VOD\u00ab je zdru\u017eenje Art kino mre\u017ea Slovenije (AKMS), partnerji pa posamezni kinematografi, \u010dlani zdru\u017eenja, slovenski filmski distributerji, filmski producenti in ostali ponudniki avdio-vizualnih vsebin.<\/p>\n\n\n\n<p>Gledalcem bi radi ponudili ve\u010d mo\u017enosti za premierni ogled kvalitetnih filmov, \u0161ir\u0161i izbor filmskih naslovov, bogat arhiv filmov z dodatnimi gradivi ter kurirano filmsko izku\u0161njo. Do vsebin bi lahko dostopali preko vrste naprav (telefoni, tablice, ra\u010dunalniki, televizija), kar laj\u0161a dostop do vsebin, ki tudi ni \u010dasovno omejen, ampak dostopen 24 ur na dan. Z modulom, ki je namenjen izobra\u017eevalnim ustanovam je namen platforme, da poskrbi za legalni dostop do filmskih vsebin, ki se jih uporablja pri izobra\u017eevalnih procesih in zagotovi kuriran, priporo\u010den seznam filmov z dodatnimi vsebinami.<\/p>\n\n\n\n<p>\u00bbKino VOD\u00ab je zasnovan tako, da pove\u010duje dostopnost kvalitetnih filmov in izku\u0161njo kina ponuja na spletu, mobilnih napravah, tablicah in televiziji. Na portalu se bo lahko evropske, umetni\u0161ke in avtorske filme gledalo po izboru va\u0161ega najljub\u0161ega kinematografa in to od dneva, ko bodo na voljo na velikem platnu. To seveda ne bo pravo nadomestilo izku\u0161nje kina, bo pa priro\u010dna re\u0161itev za ljubitelje filmov, ki jim zmanjkuje \u010dasa in prilo\u017enosti za obisk kina. Evropski, umetni\u0161ki in avtorski filmi bodo tako na voljo \u0161e \u0161ir\u0161emu ob\u010dinstvu na platformi, ki ji \u017ee sedaj najbolj zaupajo: njihovem kinu.<\/p>\n\n\n\n<p>S platformo bi radi v slovenski prostor vnesli nov koncept kino izku\u0161nje na spletu, mobilnih napravah, ra\u010dunalnikih ter na televiziji \u2013 s filmskim programom, ki bo komplementaren programom kinematografov, \u010dlanov Art kino mre\u017ee Slovenije. S tem \u017eelimo pove\u010dati dostopnost kvalitetnih, evropskih in avtorskih filmov ter kinom, ki se soo\u010dajo s pre\u0161tevilnimi filmi in terminsko prezasedenostjo, zgotoviti ve\u010d programskih kapacitet.<\/p>\n\n\n\n<p><em>Operacije v okviru javnega razpisa bodo sofinancirane s strani Evropske unije iz Evropskega sklada za regionalni razvoj in Republike Slovenije, v okviru Operativnega programa za izvajanje Evropske kohezijske politike v obdobju 2014 \u2013 2020, prednostne osi: 3. Dinami\u010dno in konkuren\u010dno podjetni\u0161tvo za zeleno gospodarsko rast, prednostne nalo\u017ebe: 3.1 Spodbujanje podjetni\u0161tva, zlasti z enostavnej\u0161im izkori\u0161\u010danjem novih idej v gospodarstvu in pospe\u0161evanjem ustanavljanja novih podjetij, tudi prek podjetni\u0161kih inkubatorjev, specifi\u010dnega cilja: 3.1.1 Spodbujanje nastajanja in delovanja podjetij, predvsem start-up podjetij. <\/em><em>Ve\u010d na spletni strani evropske kohezijske politike v Sloveniji:&nbsp;<\/em><a href=\"http:\/\/www.eu-skladi.si\/\" target=\"_blank\" rel=\"noreferrer noopener\"><em>www.eu-skladi.si<\/em><\/a><em>.<\/em><\/p>\n\n\n\n<p><strong><em>\u201cNalo\u017ebo sofinancirata Republika Slovenija in Evropska unija iz Evropskega sklada za regionalni razvoj\u201d.<\/em><\/strong><\/p>\n\n\n\n<figure class=\"wp-block-image aligncenter size-large\"><img loading=\"lazy\" decoding=\"async\" width=\"800\" height=\"111\" src=\"https:\/\/artkinomreza.si\/wp25\/wp-content\/uploads\/2021\/12\/Logotipi-ZBRANI_hd-800x111.jpg\" alt=\"Logotipi projekt VOD\" class=\"wp-image-2865\" srcset=\"https:\/\/artkinomreza.si\/wp25\/wp-content\/uploads\/2021\/12\/Logotipi-ZBRANI_hd-800x111.jpg 800w, https:\/\/artkinomreza.si\/wp25\/wp-content\/uploads\/2021\/12\/Logotipi-ZBRANI_hd-580x80.jpg 580w, https:\/\/artkinomreza.si\/wp25\/wp-content\/uploads\/2021\/12\/Logotipi-ZBRANI_hd-768x106.jpg 768w, https:\/\/artkinomreza.si\/wp25\/wp-content\/uploads\/2021\/12\/Logotipi-ZBRANI_hd-1536x213.jpg 1536w, https:\/\/artkinomreza.si\/wp25\/wp-content\/uploads\/2021\/12\/Logotipi-ZBRANI_hd.jpg 1920w\" sizes=\"auto, (max-width: 800px) 100vw, 800px\" \/><\/figure>\n<\/div>\n\n\n\n<div class=\"wp-block-group alignwide has-accent-1-background-color has-background is-layout-flow wp-block-group-is-layout-flow\" style=\"padding-top:var(--wp--preset--spacing--30);padding-right:var(--wp--preset--spacing--30);padding-bottom:var(--wp--preset--spacing--30);padding-left:var(--wp--preset--spacing--30)\">\n<h2 class=\"wp-block-heading\">Filmska osnovna \u0161ola<\/h2>\n\n\n\n<p><strong>Filmska osnovna \u0161ola (FO\u0160)<\/strong> je 5-letni projekt Art kino mre\u017ee Slovenije (AKMS), ki z brezpla\u010dnimi in raznovrstnimi strokovnimi usposabljanji ter informacijskim spleti\u0161\u010dem <a rel=\"noreferrer noopener\" href=\"http:\/\/www.solafilma.si\/sl\" target=\"_blank\">\u0160ola filma&nbsp;(<\/a><a href=\"http:\/\/www.solafilma.si\">www.solafilma.si<\/a><a rel=\"noreferrer noopener\" href=\"http:\/\/www.solafilma.si\/sl\" target=\"_blank\">)<\/a>&nbsp;kontinuirano krepi kompetence strokovnih delavcev na podro\u010djih filma in filmsko-vzgojnih vsebin ter \u0161iri njihovo dostopnost.&nbsp;FO\u0160 je namenjena vsem <strong>strokovnim delavcem osnovnih \u0161ol<\/strong> in <strong>kulturnih ustanov<\/strong> <strong>na podro\u010dju filma<\/strong> ter <strong>\u0161tudentom<\/strong> avdiovizualnih in drugih programov.<\/p>\n\n\n\n<p><strong>Petra Gaj\u017eler,&nbsp;<\/strong>vodja projekta<br>M: 040\/778-302<br>E: petra.gajzler@artkinomreza.si<\/p>\n\n\n\n<p><strong>Marina Kataleni\u0107,&nbsp;<\/strong>koordinatorka projekta<br>M: 040\/778-301<br>E: filmska-os@artkinomreza.si<\/p>\n\n\n\n<p>Projekt sofinancira Ministrstvo za kulturo Republike Slovenije.<\/p>\n\n\n\n<p><\/p>\n<\/div>\n\n\n\n<div class=\"wp-block-group alignwide has-accent-1-background-color has-background is-layout-flow wp-block-group-is-layout-flow\" style=\"padding-top:var(--wp--preset--spacing--30);padding-right:var(--wp--preset--spacing--30);padding-bottom:var(--wp--preset--spacing--30);padding-left:var(--wp--preset--spacing--30)\">\n<h2 class=\"wp-block-heading\">ABC Animiranega filma<\/h2>\n\n\n\n<p>Filmsko-vzgojni projekt Art kino mre\u017ee Slovenije <strong>ABC animiranega filma (2020\/21) usposablja strokovne delavce\/ke osnovnih \u0161ol in vrtcev po Sloveniji o animiranem filmu<\/strong>. Skupaj z <a rel=\"noreferrer noopener\" href=\"http:\/\/www.drustvoslon.si\/sl\/\" target=\"_blank\">Dru\u0161tvom Slon<\/a> smo zasnovali pester program, sestavljen iz ogleda kvalitetnih animiranih filmov za razli\u010dne starostne skupine in prakti\u010dnih delavnic, ki se razlikujejo tako po vsebini kot po zahtevnosti.<\/p>\n\n\n\n<p><strong>Kontakt:<\/strong><br>Marina Kataleni\u0107, vodja projekta<br><a href=\"mailto:filmska-vzgoja@artkinomreza.si\">filmska-vzgoja@artkinomreza.si<\/a><br>040 778 301<\/p>\n\n\n\n<p><\/p>\n<\/div>\n\n\n\n<div style=\"height:100px\" aria-hidden=\"true\" id=\"pretekli-projekti\" class=\"wp-block-spacer kazalo\"><\/div>\n\n\n\n<h2 class=\"wp-block-heading\">Pretekli projekti<\/h2>\n\n\n\n<ul class=\"wp-block-list\">\n<li><a href=\"https:\/\/artkinomreza.si\/wp25\/filmska-vzgoja-v-akms-v-solskem-letu-20182019\/\" target=\"_blank\" rel=\"noreferrer noopener\">Filmska vzgoja v AKMS v \u0161olskem letu 2018\/2019<\/a><\/li>\n\n\n\n<li><a href=\"https:\/\/artkinomreza.si\/wp25\/wp-content\/uploads\/2017\/04\/KNJI%C5%BDICA_FV-V-AKMS-2017_18.pdf\" target=\"_blank\" rel=\"noreferrer noopener\">Filmska vzgoja v AKMS v \u0161olskem letu 2017\/2018<\/a><\/li>\n\n\n\n<li><a href=\"https:\/\/artkinomreza.si\/wp25\/nacionalni-filmsko-vzgojni-program\/\">Nacionalni filmsko-vzgojni program 2014\/2015<\/a><\/li>\n\n\n\n<li><a href=\"https:\/\/artkinomreza.si\/wp25\/brezplacna-filmska-vzgoja-v-slovenskih-kinematografih-v-solskem-letu-20142015\/\">Brezpla\u010dne pedago\u0161ke vsebine k \u0161olskim projekcijam 2014\/2015<\/a><\/li>\n\n\n\n<li><a href=\"https:\/\/artkinomreza.si\/wp25\/filmska-vzgoja\/\">Brezpla\u010dne pedago\u0161ke vsebine k \u0161olskim projekcijam 2013\/2014<\/a><\/li>\n\n\n\n<li>To be added &#8230; (izobra\u017eevanja, sofinancerji)<\/li>\n<\/ul>\n","protected":false},"excerpt":{"rendered":"<p>Projekti AKMS Kinovod NAZIV PROJEKTA: KINO VOD Trajanje projekta: 1. 10. 2020 \u2013 1. 9. 2021 Celotna vrednost projekta: 15.000,00 EUR Predvideno sofinanciranje projekta: 15.000 EUR Predmet projekta je priprava na vzpostavitev platforme VOD (video na zahtevo) z delovnim imenom \u00bbKino VOD\u00ab. Projekt vsebuje pripravo tehni\u010dnih, programskih in organizacijskih pogojev za zagon platforme, oblikovno in [&hellip;]<\/p>\n","protected":false},"author":44,"featured_media":0,"parent":0,"menu_order":0,"comment_status":"closed","ping_status":"closed","template":"","meta":{"_themeisle_gutenberg_block_has_review":false,"footnotes":""},"class_list":["post-2383","page","type-page","status-publish","hentry"],"_links":{"self":[{"href":"https:\/\/artkinomreza.si\/wp25\/wp-json\/wp\/v2\/pages\/2383","targetHints":{"allow":["GET"]}}],"collection":[{"href":"https:\/\/artkinomreza.si\/wp25\/wp-json\/wp\/v2\/pages"}],"about":[{"href":"https:\/\/artkinomreza.si\/wp25\/wp-json\/wp\/v2\/types\/page"}],"author":[{"embeddable":true,"href":"https:\/\/artkinomreza.si\/wp25\/wp-json\/wp\/v2\/users\/44"}],"replies":[{"embeddable":true,"href":"https:\/\/artkinomreza.si\/wp25\/wp-json\/wp\/v2\/comments?post=2383"}],"version-history":[{"count":25,"href":"https:\/\/artkinomreza.si\/wp25\/wp-json\/wp\/v2\/pages\/2383\/revisions"}],"predecessor-version":[{"id":3189,"href":"https:\/\/artkinomreza.si\/wp25\/wp-json\/wp\/v2\/pages\/2383\/revisions\/3189"}],"wp:attachment":[{"href":"https:\/\/artkinomreza.si\/wp25\/wp-json\/wp\/v2\/media?parent=2383"}],"curies":[{"name":"wp","href":"https:\/\/api.w.org\/{rel}","templated":true}]}}