{"id":1969,"date":"2020-11-30T11:00:45","date_gmt":"2020-11-30T10:00:45","guid":{"rendered":"https:\/\/artkinomreza.si\/wp25\/wp21\/wp21\/?page_id=1969"},"modified":"2021-03-29T12:42:46","modified_gmt":"2021-03-29T10:42:46","slug":"a-kako-se-pogovarjati-o-animiranem-filmu","status":"publish","type":"page","link":"https:\/\/artkinomreza.si\/wp25\/filmska-vzgoja-v-akms\/abc-animiranega-filma\/a-kako-se-pogovarjati-o-animiranem-filmu\/","title":{"rendered":"A: Kako se pogovarjati o animiranem filmu?"},"content":{"rendered":"\n<p>Otroci in mladi se z animiranim filmom sre\u010dujejo predvsem na televiziji in spletnih medijih. Skozi filmsko-vzgojni pogovor, ki je prilagojen starostni skupini, pa lahko vzbudimo zanimanje tudi za avtorski animirani&nbsp;film, ki poleg tematskih izto\u010dnic za pogovor spodbuja estetsko senzibilnost in ustvarjalnost. <strong>Usposabljanje obsega ogled izbranega animiranega filma prek spleta in pogovor s filmsko-vzgojno delavko Petro Gaj\u017eler prek aplikacije ZOOM.<\/strong><\/p>\n\n\n\n<p class=\"has-background\" style=\"background-color:#babbb5\"><strong>termina: <\/strong>16. december 2020 (16:00-18:30); 12. januar 2021 (16:00-17:30)<br><strong>lokacija:<\/strong> spletno sre\u010danje prek ZOOM-a<\/p>\n\n\n\n<p class=\"has-black-color has-rdeca-background-color has-text-color has-background\"><strong><a rel=\"noreferrer noopener\" href=\"https:\/\/docs.google.com\/forms\/d\/17l0g7ca0AMREiYE3pAY2_Jb4ivQVsAZq25FRNqxbVkU\/edit\" target=\"_blank\">prijava<\/a>>><\/strong> Dogodek je minil.<\/p>\n\n\n\n<p><strong>16. december 2020 (16:00-18:30) <\/strong><br><strong>Fantomski de\u010dek (priporo\u010dena starost: 9+)<\/strong><br>Fantazijska detektivka ponuja izto\u010dnice za pogovor o filmskem \u017eanru in o posebnostih animiranega filma kot filmske zvrsti, hkrati pa odpira druge teme: prijateljstvo, pogum, dru\u017einski odnosi, za\u0161\u010dita pred virusi itd. Film je na voljo tudi za \u0161olske projekcije. <a rel=\"noreferrer noopener\" href=\"http:\/\/fantomskidecek.animateka.si\/\" target=\"_blank\">ve\u010d o filmu<\/a>&gt;&gt;<\/p>\n\n\n\n<figure class=\"wp-block-image size-large\"><img loading=\"lazy\" decoding=\"async\" width=\"800\" height=\"432\" src=\"https:\/\/artkinomreza.si\/wp25\/wp-content\/uploads\/2020\/11\/Fantomski-decek_2_koluta-800x432.jpg\" alt=\"\" class=\"wp-image-1970\" srcset=\"https:\/\/artkinomreza.si\/wp25\/wp-content\/uploads\/2020\/11\/Fantomski-decek_2_koluta-800x432.jpg 800w, https:\/\/artkinomreza.si\/wp25\/wp-content\/uploads\/2020\/11\/Fantomski-decek_2_koluta-555x300.jpg 555w, https:\/\/artkinomreza.si\/wp25\/wp-content\/uploads\/2020\/11\/Fantomski-decek_2_koluta-768x415.jpg 768w, https:\/\/artkinomreza.si\/wp25\/wp-content\/uploads\/2020\/11\/Fantomski-decek_2_koluta-1536x830.jpg 1536w, https:\/\/artkinomreza.si\/wp25\/wp-content\/uploads\/2020\/11\/Fantomski-decek_2_koluta-940x508.jpg 940w, https:\/\/artkinomreza.si\/wp25\/wp-content\/uploads\/2020\/11\/Fantomski-decek_2_koluta-620x335.jpg 620w, https:\/\/artkinomreza.si\/wp25\/wp-content\/uploads\/2020\/11\/Fantomski-decek_2_koluta-195x105.jpg 195w, https:\/\/artkinomreza.si\/wp25\/wp-content\/uploads\/2020\/11\/Fantomski-decek_2_koluta.jpg 2048w\" sizes=\"auto, (max-width: 800px) 100vw, 800px\" \/><figcaption>Fantomski de\u010dek (Alain Gagnol, Jean-Loup Felicioli&nbsp;, 2015)<\/figcaption><\/figure>\n\n\n\n<p class=\"has-black-color has-text-color has-background\" style=\"background-color:#babbb5\"><a rel=\"noreferrer noopener\" href=\"https:\/\/artkinomreza.si\/wp25\/wp-content\/uploads\/2020\/12\/Predstavitev-Fantomski-decek.pdf\" target=\"_blank\">Povezava do PPT predstavitve Fantomski de\u010dek<\/a><strong>&gt;&gt;<\/strong><\/p>\n\n\n\n<p><strong>12. januar 2021 (16:00-17:30)<\/strong><br><strong>Pripovedke iz \u017eivalskega kraljestva <strong>(priporo\u010dena starost: 3+)<\/strong><\/strong><br>Kratke likovno in vsebinsko raznovrstne animirane pripovedke so prilo\u017enost, da se tudi najmlaj\u0161i seznanijo s kakovostnim animiranim filmom in spregovorijo o barvah, glasbi, odra\u0161\u010danju, pogumu in sprejemanju druga\u010dnosti. Kompilacija je na voljo tudi za \u0161olske projekcije. <a rel=\"noreferrer noopener\" href=\"http:\/\/pripovedke.animateka.si\/\" target=\"_blank\">ve\u010d o filmu<\/a>&gt;&gt;<em>(ogledali si bomo 6 kratkih animiranih filmov)<\/em><\/p>\n\n\n\n<figure class=\"wp-block-image size-large\"><img loading=\"lazy\" decoding=\"async\" width=\"800\" height=\"450\" src=\"https:\/\/artkinomreza.si\/wp25\/wp-content\/uploads\/2020\/11\/pripovedke-iz-zivalskega-kraljestva-800x450.jpeg\" alt=\"\" class=\"wp-image-1971\" srcset=\"https:\/\/artkinomreza.si\/wp25\/wp-content\/uploads\/2020\/11\/pripovedke-iz-zivalskega-kraljestva-800x450.jpeg 800w, https:\/\/artkinomreza.si\/wp25\/wp-content\/uploads\/2020\/11\/pripovedke-iz-zivalskega-kraljestva-533x300.jpeg 533w, https:\/\/artkinomreza.si\/wp25\/wp-content\/uploads\/2020\/11\/pripovedke-iz-zivalskega-kraljestva-768x432.jpeg 768w, https:\/\/artkinomreza.si\/wp25\/wp-content\/uploads\/2020\/11\/pripovedke-iz-zivalskega-kraljestva-940x529.jpeg 940w, https:\/\/artkinomreza.si\/wp25\/wp-content\/uploads\/2020\/11\/pripovedke-iz-zivalskega-kraljestva-620x349.jpeg 620w, https:\/\/artkinomreza.si\/wp25\/wp-content\/uploads\/2020\/11\/pripovedke-iz-zivalskega-kraljestva-195x110.jpeg 195w, https:\/\/artkinomreza.si\/wp25\/wp-content\/uploads\/2020\/11\/pripovedke-iz-zivalskega-kraljestva.jpeg 1000w\" sizes=\"auto, (max-width: 800px) 100vw, 800px\" \/><figcaption>Pripovedke iz \u017eivalskega kraljestva<\/figcaption><\/figure>\n\n\n\n<p class=\"has-black-color has-text-color has-background\" style=\"background-color:#babbb5\"><a href=\"https:\/\/artkinomreza.si\/wp25\/wp-content\/uploads\/2021\/01\/Predstavitev-Pripovedke_ABC_AF.pdf\" target=\"_blank\" rel=\"noreferrer noopener\">Povezava do PPT predstavitve Pripovedke iz \u017eivalskega kraljestva<\/a>&gt;&gt;<\/p>\n\n\n\n<p class=\"has-black-color has-text-color\"><strong>&lt;&lt;<a rel=\"noreferrer noopener\" href=\"https:\/\/artkinomreza.si\/wp25\/filmska-vzgoja-v-akms\/abc-animiranega-filma\/\" target=\"_blank\">nazaj na celoten program ABC animiranega filma<\/a><\/strong><\/p>\n","protected":false},"excerpt":{"rendered":"<p>Otroci in mladi se z animiranim filmom sre\u010dujejo predvsem na televiziji in spletnih medijih. Skozi filmsko-vzgojni pogovor, ki je prilagojen starostni skupini, pa lahko vzbudimo zanimanje tudi za avtorski animirani&nbsp;film, ki poleg tematskih izto\u010dnic za pogovor spodbuja estetsko senzibilnost in ustvarjalnost. Usposabljanje obsega ogled izbranega animiranega filma prek spleta in pogovor s filmsko-vzgojno delavko Petro [&hellip;]<\/p>\n","protected":false},"author":41,"featured_media":0,"parent":1762,"menu_order":0,"comment_status":"closed","ping_status":"closed","template":"","meta":{"_themeisle_gutenberg_block_has_review":false,"footnotes":""},"class_list":["post-1969","page","type-page","status-publish","hentry"],"_links":{"self":[{"href":"https:\/\/artkinomreza.si\/wp25\/wp-json\/wp\/v2\/pages\/1969","targetHints":{"allow":["GET"]}}],"collection":[{"href":"https:\/\/artkinomreza.si\/wp25\/wp-json\/wp\/v2\/pages"}],"about":[{"href":"https:\/\/artkinomreza.si\/wp25\/wp-json\/wp\/v2\/types\/page"}],"author":[{"embeddable":true,"href":"https:\/\/artkinomreza.si\/wp25\/wp-json\/wp\/v2\/users\/41"}],"replies":[{"embeddable":true,"href":"https:\/\/artkinomreza.si\/wp25\/wp-json\/wp\/v2\/comments?post=1969"}],"version-history":[{"count":35,"href":"https:\/\/artkinomreza.si\/wp25\/wp-json\/wp\/v2\/pages\/1969\/revisions"}],"predecessor-version":[{"id":2749,"href":"https:\/\/artkinomreza.si\/wp25\/wp-json\/wp\/v2\/pages\/1969\/revisions\/2749"}],"up":[{"embeddable":true,"href":"https:\/\/artkinomreza.si\/wp25\/wp-json\/wp\/v2\/pages\/1762"}],"wp:attachment":[{"href":"https:\/\/artkinomreza.si\/wp25\/wp-json\/wp\/v2\/media?parent=1969"}],"curies":[{"name":"wp","href":"https:\/\/api.w.org\/{rel}","templated":true}]}}