{"id":1961,"date":"2020-11-30T11:00:24","date_gmt":"2020-11-30T10:00:24","guid":{"rendered":"https:\/\/artkinomreza.si\/wp25\/wp21\/wp21\/?page_id=1961"},"modified":"2021-04-14T10:04:59","modified_gmt":"2021-04-14T08:04:59","slug":"a-strokovno-srecanje-ob-filmu-decek-in-svet","status":"publish","type":"page","link":"https:\/\/artkinomreza.si\/wp25\/filmska-vzgoja-v-akms\/abc-animiranega-filma\/a-strokovno-srecanje-ob-filmu-decek-in-svet\/","title":{"rendered":"A: Strokovno sre\u010danje ob filmu De\u010dek in svet"},"content":{"rendered":"\n<p>Okoljska problematika je vse bolj aktualna tema v \u0161olah in vrtcih. Marsikateri strokovni delavec bi jo \u017eelel vklju\u010diti v svoj predmet, a kako z (mlaj\u0161imi) u\u010denci spregovoriti o tej kompleksni problematiki in kak\u0161na je vloga \u0161ole in vrtca?<\/p>\n\n\n\n<p>S klimatologinjo&nbsp;<strong>dr. Lu\u010dko Kajfe\u017e Bogataj<\/strong> bomo spregovorili o teh vpra\u0161anjih skozi prizmo animiranega filma <a href=\"https:\/\/www.kinodvor.org\/film\/decek-in-svet\/\"><strong>De\u010dek in svet<\/strong><\/a> (Al\u00ea Abreu, 2013). Ob koncu sre\u010danja se nam bo pridru\u017eila \u0161e animatorka <strong>Andreja Goetz <\/strong>iz Dru\u0161tva Slon, ki bo predstavila otro\u0161ko ustvarjalnost na temo okoljske problematike. Dogodek povezuje filmsko-vzgojna delavka <strong>Petra Gaj\u017eler<\/strong>.<\/p>\n\n\n\n<p class=\"has-background\" style=\"background-color:#b4b5ad\"><strong>termin:&nbsp;<\/strong>24. marec 2021 (16:00-19:00)<br><strong>lokacija:<\/strong>&nbsp;ZOOM sre\u010danje<br>Spletno usposabljanje gosti <strong>Kulturni dom Cerknica<\/strong>.<\/p>\n\n\n\n<p class=\"has-rdeca-background-color has-background\"><strong><a rel=\"noreferrer noopener\" href=\"https:\/\/docs.google.com\/forms\/d\/17l0g7ca0AMREiYE3pAY2_Jb4ivQVsAZq25FRNqxbVkU\/edit\" target=\"_blank\">prijava<\/a>>><\/strong> dogodek je minil.<\/p>\n\n\n\n<figure class=\"wp-block-image size-large is-resized\"><img loading=\"lazy\" decoding=\"async\" src=\"https:\/\/artkinomreza.si\/wp25\/wp-content\/uploads\/2020\/11\/de\u010dek3-800x449.jpg\" alt=\"\" class=\"wp-image-1773\" width=\"578\" height=\"324\" srcset=\"https:\/\/artkinomreza.si\/wp25\/wp-content\/uploads\/2020\/11\/de\u010dek3-800x449.jpg 800w, https:\/\/artkinomreza.si\/wp25\/wp-content\/uploads\/2020\/11\/de\u010dek3-535x300.jpg 535w, https:\/\/artkinomreza.si\/wp25\/wp-content\/uploads\/2020\/11\/de\u010dek3-768x431.jpg 768w, https:\/\/artkinomreza.si\/wp25\/wp-content\/uploads\/2020\/11\/de\u010dek3-940x527.jpg 940w, https:\/\/artkinomreza.si\/wp25\/wp-content\/uploads\/2020\/11\/de\u010dek3-620x348.jpg 620w, https:\/\/artkinomreza.si\/wp25\/wp-content\/uploads\/2020\/11\/de\u010dek3-195x109.jpg 195w, https:\/\/artkinomreza.si\/wp25\/wp-content\/uploads\/2020\/11\/de\u010dek3.jpg 1289w\" sizes=\"auto, (max-width: 578px) 100vw, 578px\" \/><figcaption>De\u010dek in svet, Al\u00ea Abreu, 2013<\/figcaption><\/figure>\n\n\n\n<p class=\"has-crna-color has-text-color has-background\" style=\"background-color:#b4b5ad\"><a href=\"https:\/\/artkinomreza.si\/wp25\/wp-content\/uploads\/2021\/03\/Strokovno_srecanje_Decek_svet.pdf\" target=\"_blank\" rel=\"noreferrer noopener\">Povezava do PPT predstavitve ob strokovnem sre\u010danju&gt;&gt;<\/a><\/p>\n\n\n\n<p>Film <strong>De\u010dek in svet<\/strong> (Al\u00ea Abreu, 2013) je barvita pustolov\u0161\u010dina za u\u010dence vseh starosti. Ve\u010dkrat nagrajeni animiran film z bogato vizualno in glasbeno govorico odpira teme narave in ekologije, sodobne dru\u017ebe, dru\u017eine, domi\u0161ljije itd. Ob filmu sta iz\u0161la <a href=\"http:\/\/www.solafilma.si\/sl\/objava\/decek-svet\" target=\"_blank\" rel=\"noreferrer noopener\">pedago\u0161ko gradivo in knji\u017eica<\/a> za otroke. <a rel=\"noreferrer noopener\" href=\"https:\/\/www.kinodvor.org\/film\/decek-in-svet\/\" target=\"_blank\">ve\u010d o filmu<\/a>&gt;&gt; <\/p>\n\n\n\n<p class=\"has-black-color has-text-color\"><strong>&lt;&lt;<a rel=\"noreferrer noopener\" href=\"https:\/\/artkinomreza.si\/wp25\/filmska-vzgoja-v-akms\/abc-animiranega-filma\/\" target=\"_blank\">nazaj na celoten program ABC animiranega filma<\/a><\/strong><\/p>\n","protected":false},"excerpt":{"rendered":"<p>Okoljska problematika je vse bolj aktualna tema v \u0161olah in vrtcih. Marsikateri strokovni delavec bi jo \u017eelel vklju\u010diti v svoj predmet, a kako z (mlaj\u0161imi) u\u010denci spregovoriti o tej kompleksni problematiki in kak\u0161na je vloga \u0161ole in vrtca? S klimatologinjo&nbsp;dr. Lu\u010dko Kajfe\u017e Bogataj bomo spregovorili o teh vpra\u0161anjih skozi prizmo animiranega filma De\u010dek in svet [&hellip;]<\/p>\n","protected":false},"author":41,"featured_media":0,"parent":1762,"menu_order":0,"comment_status":"closed","ping_status":"closed","template":"","meta":{"_themeisle_gutenberg_block_has_review":false,"footnotes":""},"class_list":["post-1961","page","type-page","status-publish","hentry"],"_links":{"self":[{"href":"https:\/\/artkinomreza.si\/wp25\/wp-json\/wp\/v2\/pages\/1961","targetHints":{"allow":["GET"]}}],"collection":[{"href":"https:\/\/artkinomreza.si\/wp25\/wp-json\/wp\/v2\/pages"}],"about":[{"href":"https:\/\/artkinomreza.si\/wp25\/wp-json\/wp\/v2\/types\/page"}],"author":[{"embeddable":true,"href":"https:\/\/artkinomreza.si\/wp25\/wp-json\/wp\/v2\/users\/41"}],"replies":[{"embeddable":true,"href":"https:\/\/artkinomreza.si\/wp25\/wp-json\/wp\/v2\/comments?post=1961"}],"version-history":[{"count":36,"href":"https:\/\/artkinomreza.si\/wp25\/wp-json\/wp\/v2\/pages\/1961\/revisions"}],"predecessor-version":[{"id":2788,"href":"https:\/\/artkinomreza.si\/wp25\/wp-json\/wp\/v2\/pages\/1961\/revisions\/2788"}],"up":[{"embeddable":true,"href":"https:\/\/artkinomreza.si\/wp25\/wp-json\/wp\/v2\/pages\/1762"}],"wp:attachment":[{"href":"https:\/\/artkinomreza.si\/wp25\/wp-json\/wp\/v2\/media?parent=1961"}],"curies":[{"name":"wp","href":"https:\/\/api.w.org\/{rel}","templated":true}]}}