{"id":1933,"date":"2020-11-30T11:00:05","date_gmt":"2020-11-30T10:00:05","guid":{"rendered":"https:\/\/artkinomreza.si\/wp25\/wp21\/wp21\/?page_id=1933"},"modified":"2021-04-23T10:30:52","modified_gmt":"2021-04-23T08:30:52","slug":"b1-osnove-stop-animacije-risana-kolaz-in-lutkovna-animacija","status":"publish","type":"page","link":"https:\/\/artkinomreza.si\/wp25\/filmska-vzgoja-v-akms\/abc-animiranega-filma\/b1-osnove-stop-animacije-risana-kolaz-in-lutkovna-animacija\/","title":{"rendered":"B: Delavnice animiranega filma"},"content":{"rendered":"\n<p>Mentorice in mentorji Dru\u0161tva Slon izvajajo pester program prakti\u010dnih delavnic, ki se razlikujejo tako po vsebini kot po zahtevnosti. <strong>Sklop B je namenjen vsem strokovnim delavcem, ki se prvi\u010d seznanjajo z delavnicami animiranega filma, in tistim, ki \u017eelijo znanje utrditi<\/strong>, medtem ko sklop C sestavljajo zahtevnej\u0161e oziroma bolj specifi\u010dne vsebine.<\/p>\n\n\n\n<p class=\"has-black-color has-rdeca-background-color has-text-color has-background\"><strong><a rel=\"noreferrer noopener\" href=\"https:\/\/docs.google.com\/forms\/d\/1iPga0KDkoJU4leqVp1dGPWsHnfVGvKEdhZv1aAIqieg\/edit\" target=\"_blank\">prijavnica&gt;&gt;<\/a><\/strong> <\/p>\n\n\n\n<figure class=\"wp-block-image size-large\"><img loading=\"lazy\" decoding=\"async\" width=\"800\" height=\"534\" src=\"https:\/\/artkinomreza.si\/wp25\/wp-content\/uploads\/2020\/11\/KAT3865-800x534.jpg\" alt=\"\" class=\"wp-image-1763\" srcset=\"https:\/\/artkinomreza.si\/wp25\/wp-content\/uploads\/2020\/11\/KAT3865-800x534.jpg 800w, https:\/\/artkinomreza.si\/wp25\/wp-content\/uploads\/2020\/11\/KAT3865-449x300.jpg 449w, https:\/\/artkinomreza.si\/wp25\/wp-content\/uploads\/2020\/11\/KAT3865-768x513.jpg 768w, https:\/\/artkinomreza.si\/wp25\/wp-content\/uploads\/2020\/11\/KAT3865-940x627.jpg 940w, https:\/\/artkinomreza.si\/wp25\/wp-content\/uploads\/2020\/11\/KAT3865-620x414.jpg 620w, https:\/\/artkinomreza.si\/wp25\/wp-content\/uploads\/2020\/11\/KAT3865-195x130.jpg 195w, https:\/\/artkinomreza.si\/wp25\/wp-content\/uploads\/2020\/11\/KAT3865.jpg 1200w\" sizes=\"auto, (max-width: 800px) 100vw, 800px\" \/><\/figure>\n\n\n\n<h3 class=\"wp-block-heading\">B1 Osnove stop animacije: risana, kola\u017e in lutkovna animacija<\/h3>\n\n\n\n<p class=\"has-background\" style=\"background-color:#b2b5ac\"><strong>termin:&nbsp;<\/strong>9. april 2021 (15:30-19:30)<br><strong>lokacija:<\/strong>&nbsp;ZOOM sre\u010danje<br><strong>\u0161tevilo udele\u017eencev:&nbsp;<\/strong>25 (ZAPOLNJENO! Vpis v \u010dakalno vrsto.)<\/p>\n\n\n\n<p class=\"has-crna-color has-rdeca-background-color has-text-color has-background\"><a href=\"https:\/\/artkinomreza.si\/wp25\/wp-content\/uploads\/2021\/04\/B1_09_04_2021_PPT_osnove-animiranega-filma.pdf\" data-type=\"URL\" data-id=\"https:\/\/artkinomreza.si\/wp25\/wp-content\/uploads\/2021\/04\/B1_09_04_2021_PPT_osnove-animiranega-filma.pdf\" target=\"_blank\" rel=\"noreferrer noopener\">povezava do PPT predstavitve: uvodno predavanje<\/a><\/p>\n\n\n\n<p>Udele\u017eenci se bodo na delavnici na prakti\u010den na\u010din spoznali s tremi osnovnimi tehnikami animacije.&nbsp;<strong>Risana, kola\u017e in lutkovna animacija<\/strong>. Vsaka ponuja druga\u010den likovni pristop, tehni\u010dno opremo in postavitev kamere.<\/p>\n\n\n\n<p><strong>Soba 1<\/strong>&nbsp;Pri&nbsp;<strong>risani tehniki&nbsp;<\/strong>se bomo nau\u010dili o\u017eivljati podobe s pomo\u010djo risanja v mobilni aplikaciji za izdelavo animiranega filma v risani tehniki. Vsak premik bomo na novo narisali. Udele\u017eence bomo natan\u010dno vodili pri risanju posameznih faz, zato naj vas pomanjkanje risarskih ve\u0161\u010din ne skrbi. Samo gibanje lika bomo lahko s pomo\u010djo aplikacije sproti preverjali in po potrebi kaj popravili. Kljub morda zahtevnej\u0161i tehniki animiranja, odzivnost spletne aplikacije mo\u010dno pripomore k motivaciji za delo, v kar se boste lahko tudi sami prepri\u010dali.<\/p>\n\n\n\n<p><strong>Soba 2<\/strong>&nbsp;Pri&nbsp;<strong>kola\u017e tehniki&nbsp;<\/strong>se bomo nau\u010dili, kako izdelati lutko za animiranje v 2D prostoru in na\u010din snemanja iz vrha navzdol. Gre za tehniko, ki je pri delavni\u0161kih filmih najpogosteje uporabljena, a obi\u010dajno na bolj siroma\u0161en na\u010din. Nau\u010dili se bomo \u0161e drugih inovativnih in zanimivih na\u010dinov izdelave lutk iz papirja s katerimi bomo dodali 2D izgledu ve\u010d globine. Pri animiranju bomo uporabili mobilno aplikacijo za snemanje v tehniki stop animacije. Za vsak premik lutke bomo zajeli eno fotografijo in tako ustvarili u\u010dinek gibanja.<\/p>\n\n\n\n<p><strong>Soba 3<\/strong>&nbsp;Pri&nbsp;<strong>animaciji plastelina&nbsp;<\/strong>se bomo nau\u010dili osnovnih principov animiranja, s katerimi ne samo o\u017eivimo lik temve\u010d mu tudi vdahnemo zna\u010daj. Spoznali bomo tudi prednosti in slabosti animiranja v tej tehniki in z omenjenim materialom. Pri animiranju bomo uporabili mobilno aplikacijo za snemanje v tehniki stop animacije. Za vsak premik bomo zajeli eno fotografijo in tako ustvarili u\u010dinek gibanja.<\/p>\n\n\n\n<h3 class=\"wp-block-heading\">B2 \u017depni kino<\/h3>\n\n\n\n<p class=\"has-background\" style=\"background-color:#b2b5ac\"><strong>termin:&nbsp;<\/strong>15. april 2021 (15:30-19:30)<br><strong>lokacija:<\/strong>&nbsp;ZOOM sre\u010danje<br><strong>\u0161tevilo udele\u017eencev:&nbsp;<\/strong>25 (ZAPOLNJENO! Vpis v \u010dakalno vrsto)<\/p>\n\n\n\n<p class=\"has-rdeca-background-color has-background\"><a href=\"https:\/\/artkinomreza.si\/wp25\/wp-content\/uploads\/2021\/04\/PPT_B2_zepni_kino_.pdf\" data-type=\"URL\" data-id=\"https:\/\/artkinomreza.si\/wp25\/wp-content\/uploads\/2021\/04\/PPT_B2_zepni_kino_.pdf\" target=\"_blank\" rel=\"noreferrer noopener\">povezava do PPT predstavitve: uvodno predavanje<\/a><\/p>\n\n\n\n<p>Na delavnici bomo spoznali razli\u010dne&nbsp;&nbsp;<strong>opti\u010dne naprave<\/strong>, ki so v 19. stoletju burile duhove in domi\u0161ljijo znanstvenikom in si kmalu utrle pot v svet mno\u017ei\u010dne zabave. Z njimi si lahko brez sodobne tehnologije, na povsem preprost na\u010din, vsakdo izdela svoj \u017eepni ali pa vsaj dlan\u010dni kino.<\/p>\n\n\n\n<p>Zabavni in pou\u010dni pripomo\u010dki iz \u010dlovekove ne tako davne zgodovine bodo pritegnili tako pred\u0161olske otroke kot tudi starej\u0161e u\u010dence. Na delavnici se bomo razdelili v tri skupine, ki bodo tekom sre\u010danja kro\u017eile. V vsaki zoom sobi se boste spoznali z dolo\u010deno opti\u010dno igra\u010do in postopki njene izdelave.<\/p>\n\n\n\n<p><strong>Soba 1&nbsp;<\/strong>V njej se bomo spoznali s postopkom izdelave&nbsp;<strong>tavmatropa in 2- stranskega slikofrca<\/strong>. Najpreprostej\u0161i od vseh opti\u010dnih naprav, ki v nas vzbudita \u017eeljo po \u0161e animiranja. Odli\u010dni za najmlaj\u0161e ali za takrat, ko nimamo veliko \u010dasa za izdelavo. Kljub preprostosti izdelave pa obstaja nekaj zank, ki jih moramo upo\u0161tevati. Sam postopek izdelave in zanimivosti iz prakse izveste v tej sobi.<\/p>\n\n\n\n<p><strong>Soba 2&nbsp;<\/strong>Tukaj se bomo nau\u010dili izdelave oziroma sestave bolj zapletenih opti\u010dnih igra\u010d (<strong>fenakistoskop, zoetrop<\/strong>), ki zahtevata nekoliko ve\u010d natan\u010dnosti in ro\u010dnih spretnosti pri izdelavi. Kot didakti\u010dni pripomo\u010dek nam lahko slu\u017ei tudi v skupinah pred\u0161olskih otrok. Samo izdelavo pa lahko vklju\u010dimo tudi v vi\u0161jih razredih. Obe napravi sestavlja serija 12 risb s katerimi lahko prika\u017eemo razli\u010dna cikli\u010dna gibanja.<\/p>\n\n\n\n<p><strong>Soba 3&nbsp;<\/strong>Spoznajmo njeno visokost med animiranimi tehnikami.&nbsp;<strong>Tradicionalno risano animacijo<\/strong>! Vsak premik, nov list papirja. Ve\u010d jih je, bolje je. Nau\u010dili se bomo postopka izdelave animirane knji\u017eice in usvojili nova risarska znanja pod skrbnim in postopnim mentorskim vodstvom. Na koncu boste knji\u017eico pospravili v \u017eep in jo listali \u0161e in \u0161e ob tem pa u\u017eivali v gibljivih podobah. In upamo, da za to navdu\u0161ili tudi svoje u\u010dence.<\/p>\n\n\n\n<h3 class=\"wp-block-heading\">B3 Piksi kaj? Vse o piksilaciji<\/h3>\n\n\n\n<p class=\"has-background\" style=\"background-color:#b2b5ac\"><strong>termin:\u00a0<\/strong>21. april 2021 (15:30-18:00) *<em>skupni obseg je 5 ur<\/em><br><strong>lokacija:<\/strong>\u00a0ZOOM sre\u010danje<br><strong>\u0161tevilo udele\u017eencev:\u00a0<\/strong>25 (ZAPOLNJENO! Vpis v \u010dakalno vrsto.)<\/p>\n\n\n\n<p class=\"has-rdeca-background-color has-background\"><a href=\"https:\/\/artkinomreza.si\/wp25\/wp-content\/uploads\/2021\/04\/Delavnica_B3_Vse_o_piksilaciji_uvodno_predavanje.pdf\" target=\"_blank\" rel=\"noreferrer noopener\">povezava do PPT predstavitve: uvodno predavanje<\/a><\/p>\n\n\n\n<p><strong>Piksilacija<\/strong>&nbsp;je tehnika animacije, ki meji na igrani film, saj namesto predmetov in lutk premikamo ljudi. Nastopajo\u010di se ob vsakem zajemu slike rahlo premakne, vsak njegov premik fotografiramo. Piksilacijo uporabljamo za ustvarjanje nenavadnih premikov ljudi, ki jih z video posnetkom ne moremo. Ker pri tej tehniki, za razliko od drugih tehnik animiranja, operiramo s pravimi osebami, vam bodo prav pri\u0161li tudi re\u017eijski napotki, ki jih bomo na podlagi izku\u0161enj delili z vami.<\/p>\n\n\n\n<p>Sre\u010danje bo namenjeno pregledu va\u0161ih vnaprej posnetih kratkih animacij v tej tehniki. Za kar boste dobili natan\u010dna navodila za izdelavo 14 dni pred sre\u010danjem. Ob pregledu del bomo z utemeljitvijo pokomentirali, kako vam je naloga uspela. Podali vam bomo nasvete, kako animacijo v tej tehniki \u0161e izbolj\u0161ati, na kaj je potrebno paziti.<\/p>\n\n\n\n<p>*Individualno delo obsega 2,5 uri. Skupni obseg delavnice je 5 ur.<\/p>\n\n\n\n<p class=\"has-black-color has-text-color\"><strong>&lt;&lt;<a rel=\"noreferrer noopener\" href=\"https:\/\/artkinomreza.si\/wp25\/filmska-vzgoja-v-akms\/abc-animiranega-filma\/\" target=\"_blank\">nazaj na celoten program ABC animiranega filma<\/a><\/strong><\/p>\n","protected":false},"excerpt":{"rendered":"<p>Mentorice in mentorji Dru\u0161tva Slon izvajajo pester program prakti\u010dnih delavnic, ki se razlikujejo tako po vsebini kot po zahtevnosti. Sklop B je namenjen vsem strokovnim delavcem, ki se prvi\u010d seznanjajo z delavnicami animiranega filma, in tistim, ki \u017eelijo znanje utrditi, medtem ko sklop C sestavljajo zahtevnej\u0161e oziroma bolj specifi\u010dne vsebine. prijavnica&gt;&gt; B1 Osnove stop animacije: [&hellip;]<\/p>\n","protected":false},"author":41,"featured_media":0,"parent":1762,"menu_order":0,"comment_status":"closed","ping_status":"closed","template":"","meta":{"_themeisle_gutenberg_block_has_review":false,"footnotes":""},"class_list":["post-1933","page","type-page","status-publish","hentry"],"_links":{"self":[{"href":"https:\/\/artkinomreza.si\/wp25\/wp-json\/wp\/v2\/pages\/1933","targetHints":{"allow":["GET"]}}],"collection":[{"href":"https:\/\/artkinomreza.si\/wp25\/wp-json\/wp\/v2\/pages"}],"about":[{"href":"https:\/\/artkinomreza.si\/wp25\/wp-json\/wp\/v2\/types\/page"}],"author":[{"embeddable":true,"href":"https:\/\/artkinomreza.si\/wp25\/wp-json\/wp\/v2\/users\/41"}],"replies":[{"embeddable":true,"href":"https:\/\/artkinomreza.si\/wp25\/wp-json\/wp\/v2\/comments?post=1933"}],"version-history":[{"count":33,"href":"https:\/\/artkinomreza.si\/wp25\/wp-json\/wp\/v2\/pages\/1933\/revisions"}],"predecessor-version":[{"id":2797,"href":"https:\/\/artkinomreza.si\/wp25\/wp-json\/wp\/v2\/pages\/1933\/revisions\/2797"}],"up":[{"embeddable":true,"href":"https:\/\/artkinomreza.si\/wp25\/wp-json\/wp\/v2\/pages\/1762"}],"wp:attachment":[{"href":"https:\/\/artkinomreza.si\/wp25\/wp-json\/wp\/v2\/media?parent=1933"}],"curies":[{"name":"wp","href":"https:\/\/api.w.org\/{rel}","templated":true}]}}