{"id":1883,"date":"2020-11-12T15:46:42","date_gmt":"2020-11-12T14:46:42","guid":{"rendered":"https:\/\/artkinomreza.si\/wp25\/wp21\/wp21\/?page_id=1883"},"modified":"2021-03-12T12:53:13","modified_gmt":"2021-03-12T11:53:13","slug":"animirani-prirocnik-katero-zgodbo-izbrati","status":"publish","type":"page","link":"https:\/\/artkinomreza.si\/wp25\/pedagoska-gradiva\/animirani-prirocnik-katero-zgodbo-izbrati\/","title":{"rendered":"Animirani priro\u010dnik: Katero zgodbo izbrati?"},"content":{"rendered":"\n<p><strong>Ob Slovenskem tednu filma<\/strong>&nbsp;<strong>2020<\/strong> smo objavili animirani priro\u010dnik za predelavo literarne predloge:&nbsp;<strong>Katero zgodbo izbrati?<\/strong>&nbsp;Animacijo mentoric Dru\u0161tva Slon si lahko ogledate&nbsp;na na\u0161em YouTube kanalu.<\/p>\n\n\n\n<p><strong>avtorici :<\/strong> Jelena Dragutinovi\u0107 in Lene Lek\u0161e (Dru\u0161tvo Slon) <br><strong>narator:<\/strong> Mario \u017dupanov<\/p>\n\n\n\n<p class=\"has-rdeca-background-color has-background\"><a href=\"https:\/\/youtu.be\/WiXGfYGObqE\" target=\"_blank\" rel=\"noreferrer noopener\">ogled animacije: Katero zgodbo izbrati?<\/a><\/p>\n\n\n\n<figure class=\"wp-block-image size-large\"><a href=\"https:\/\/youtu.be\/WiXGfYGObqE\" target=\"_blank\" rel=\"noopener noreferrer\"><img loading=\"lazy\" decoding=\"async\" width=\"800\" height=\"450\" src=\"https:\/\/artkinomreza.si\/wp25\/wp-content\/uploads\/2020\/11\/Katero-zgodbo-izbrati_slika_-800x450.jpg\" alt=\"\" class=\"wp-image-1884\" srcset=\"https:\/\/artkinomreza.si\/wp25\/wp-content\/uploads\/2020\/11\/Katero-zgodbo-izbrati_slika_-800x450.jpg 800w, https:\/\/artkinomreza.si\/wp25\/wp-content\/uploads\/2020\/11\/Katero-zgodbo-izbrati_slika_-534x300.jpg 534w, https:\/\/artkinomreza.si\/wp25\/wp-content\/uploads\/2020\/11\/Katero-zgodbo-izbrati_slika_-768x432.jpg 768w, https:\/\/artkinomreza.si\/wp25\/wp-content\/uploads\/2020\/11\/Katero-zgodbo-izbrati_slika_-1536x863.jpg 1536w, https:\/\/artkinomreza.si\/wp25\/wp-content\/uploads\/2020\/11\/Katero-zgodbo-izbrati_slika_-940x528.jpg 940w, https:\/\/artkinomreza.si\/wp25\/wp-content\/uploads\/2020\/11\/Katero-zgodbo-izbrati_slika_-620x349.jpg 620w, https:\/\/artkinomreza.si\/wp25\/wp-content\/uploads\/2020\/11\/Katero-zgodbo-izbrati_slika_-195x110.jpg 195w, https:\/\/artkinomreza.si\/wp25\/wp-content\/uploads\/2020\/11\/Katero-zgodbo-izbrati_slika_.jpg 1626w\" sizes=\"auto, (max-width: 800px) 100vw, 800px\" \/><\/a><\/figure>\n\n\n\n<p>V animaciji je predstavljen zgodboris za kratki animirani film <strong>Kako sta tep\u010dek in kura re\u0161ila luno<\/strong>, ki temelji na mongolski ljudski pravljici Kako je tep\u010dek re\u0161il luno. Preberite si njeno <a href=\"https:\/\/sl.wikisource.org\/wiki\/Kako_je_tep%C4%8Dek_re%C5%A1il_luno\" data-type=\"URL\" data-id=\"https:\/\/sl.wikisource.org\/wiki\/Kako_je_tep%C4%8Dek_re%C5%A1il_luno\" target=\"_blank\" rel=\"noreferrer noopener\">besedilo<\/a> in poglejte <a rel=\"noreferrer noopener\" href=\"https:\/\/www.youtube.com\/watch?v=BZ9_j74tnmU&amp;feature=emb_logo&amp;ab_channel=Dru%C5%A1tvoSlon\" target=\"_blank\">animacijo<\/a>, ki je nastala na njeni podlagi.<\/p>\n\n\n\n<p>Animirani priro\u010dnik je nastal v sklopu projekta ABC animiranega filma, ki ga izvajamo v sodelovanju z <strong>Dru\u0161tvom Slon<\/strong>. <a rel=\"noreferrer noopener\" href=\"https:\/\/artkinomreza.si\/wp25\/filmska-vzgoja-v-akms\/abc-animiranega-filma\/\" target=\"_blank\">Ve\u010d o projektu<\/a><\/p>\n\n\n\n<p><em>Projekt je sofinanciran s strani <strong>SFC<\/strong>.<\/em><\/p>\n\n\n\n<div class=\"wp-block-group\"><div class=\"wp-block-group__inner-container is-layout-flow wp-block-group-is-layout-flow\">\n<figure class=\"wp-block-gallery columns-2 wp-block-gallery-1 is-layout-flex wp-block-gallery-is-layout-flex\"><ul class=\"blocks-gallery-grid\"><li class=\"blocks-gallery-item\"><figure><img loading=\"lazy\" decoding=\"async\" width=\"800\" height=\"600\" src=\"https:\/\/artkinomreza.si\/wp25\/wp-content\/uploads\/2020\/11\/01SFC_color_positive-800x600.jpg\" alt=\"\" data-id=\"1788\" data-full-url=\"https:\/\/artkinomreza.si\/wp25\/wp-content\/uploads\/2020\/11\/01SFC_color_positive-e1605172001812.jpg\" data-link=\"https:\/\/artkinomreza.si\/wp25\/filmska-vzgoja-v-akms\/abc-animiranega-filma\/print\/\" class=\"wp-image-1788\"\/><\/figure><\/li><li class=\"blocks-gallery-item\"><figure><img loading=\"lazy\" decoding=\"async\" width=\"125\" height=\"135\" src=\"https:\/\/artkinomreza.si\/wp25\/wp-content\/uploads\/2020\/11\/slon-e1605172109650.jpg\" alt=\"\" data-id=\"1806\" data-full-url=\"https:\/\/artkinomreza.si\/wp25\/wp-content\/uploads\/2020\/11\/slon-e1605172109650.jpg\" data-link=\"https:\/\/artkinomreza.si\/wp25\/filmska-vzgoja-v-akms\/abc-animiranega-filma\/slon\/\" class=\"wp-image-1806\"\/><\/figure><\/li><\/ul><\/figure>\n<\/div><\/div>\n","protected":false},"excerpt":{"rendered":"<p>Ob Slovenskem tednu filma&nbsp;2020 smo objavili animirani priro\u010dnik za predelavo literarne predloge:&nbsp;Katero zgodbo izbrati?&nbsp;Animacijo mentoric Dru\u0161tva Slon si lahko ogledate&nbsp;na na\u0161em YouTube kanalu. avtorici : Jelena Dragutinovi\u0107 in Lene Lek\u0161e (Dru\u0161tvo Slon) narator: Mario \u017dupanov ogled animacije: Katero zgodbo izbrati? V animaciji je predstavljen zgodboris za kratki animirani film Kako sta tep\u010dek in kura re\u0161ila [&hellip;]<\/p>\n","protected":false},"author":41,"featured_media":0,"parent":933,"menu_order":0,"comment_status":"closed","ping_status":"closed","template":"","meta":{"_themeisle_gutenberg_block_has_review":false,"footnotes":""},"class_list":["post-1883","page","type-page","status-publish","hentry"],"_links":{"self":[{"href":"https:\/\/artkinomreza.si\/wp25\/wp-json\/wp\/v2\/pages\/1883","targetHints":{"allow":["GET"]}}],"collection":[{"href":"https:\/\/artkinomreza.si\/wp25\/wp-json\/wp\/v2\/pages"}],"about":[{"href":"https:\/\/artkinomreza.si\/wp25\/wp-json\/wp\/v2\/types\/page"}],"author":[{"embeddable":true,"href":"https:\/\/artkinomreza.si\/wp25\/wp-json\/wp\/v2\/users\/41"}],"replies":[{"embeddable":true,"href":"https:\/\/artkinomreza.si\/wp25\/wp-json\/wp\/v2\/comments?post=1883"}],"version-history":[{"count":22,"href":"https:\/\/artkinomreza.si\/wp25\/wp-json\/wp\/v2\/pages\/1883\/revisions"}],"predecessor-version":[{"id":2727,"href":"https:\/\/artkinomreza.si\/wp25\/wp-json\/wp\/v2\/pages\/1883\/revisions\/2727"}],"up":[{"embeddable":true,"href":"https:\/\/artkinomreza.si\/wp25\/wp-json\/wp\/v2\/pages\/933"}],"wp:attachment":[{"href":"https:\/\/artkinomreza.si\/wp25\/wp-json\/wp\/v2\/media?parent=1883"}],"curies":[{"name":"wp","href":"https:\/\/api.w.org\/{rel}","templated":true}]}}