{"id":1656,"date":"2018-08-28T22:43:08","date_gmt":"2018-08-28T20:43:08","guid":{"rendered":"https:\/\/artkinomreza.si\/wp25\/wp21\/wp21\/?page_id=1656"},"modified":"2018-08-28T22:55:42","modified_gmt":"2018-08-28T20:55:42","slug":"filmska-vzgoja-v-akms-v-solskem-letu-20182019","status":"publish","type":"page","link":"https:\/\/artkinomreza.si\/wp25\/filmska-vzgoja-v-akms-v-solskem-letu-20182019\/","title":{"rendered":"Filmska vzgoja v AKMS v \u0161olskem letu 2018\/2019"},"content":{"rendered":"<p>Filmsko-vzgojne dejavnosti za otroke in mlade v AKMS v \u0161olskem letu 2018\/2019:<\/p>\n<p>&nbsp;<\/p>\n<p><strong>+ Pogovori ob filmskih projekcijah za vrtce, osnovne in srednje \u0161ole<\/strong><\/p>\n<p>Ogledu izbranega filma sledi <strong>pogovor z otroki in mladimi v kinodvorani<\/strong>, v katerem skupaj razi\u0161\u010demo, kaj nam film sporo\u010da, kak\u0161na ob\u010dutja vzbuja v nas in kak\u0161na so na\u0161a stali\u0161\u010da do videnega.\u00a0<em>Ve\u010d informacij na <a href=\"https:\/\/artkinomreza.si\/wp25\/wp-content\/uploads\/2016\/04\/Filmska-vzgoja-v-AKMS-2018_2019.pdf\" target=\"_blank\" rel=\"noopener\">povezavi<\/a>.<\/em><\/p>\n<p>&nbsp;<\/p>\n<p><strong>+ Filmi s<\/strong> <strong>pedago\u0161kimi gradivi AKMS <\/strong><\/p>\n<p>Izpostavljamo lanskoletne filme s pedago\u0161kimi gradivi, ki strokovnim delavcem vrtcev in \u0161ol nudijo oporo za pripravo na ogled filma ali pri dejavnostih po ogledu.\u00a0<em>Ve\u010d informacij na <a href=\"https:\/\/artkinomreza.si\/wp25\/wp-content\/uploads\/2016\/04\/Filmska-vzgoja-v-AKMS-2018_2019.pdf\" target=\"_blank\" rel=\"noopener\">povezavi<\/a>.<\/em><\/p>\n<p>&nbsp;<\/p>\n<p><strong>+ Tematska ponudba filmov za 2018\/2019<\/strong><\/p>\n<p>Ob <strong>izbranih svetovnih dneh<\/strong> smo pripravili tematsko ponudbo filmov, ki letos prihajajo v kinematografe, s poudarkom na slovenskih filmih.\u00a0<em>Ve\u010d informacij na <a href=\"https:\/\/artkinomreza.si\/wp25\/wp-content\/uploads\/2016\/04\/Filmska-vzgoja-v-AKMS-2018_2019.pdf\" target=\"_blank\" rel=\"noopener\">povezavi<\/a>.<\/em><\/p>\n<p>&nbsp;<\/p>\n<p><strong>+ 1, 2, 3 cin\u00e9! Po francosko v kinu<\/strong><strong><br \/>\n<\/strong>V sodelovanju\u00a0 s Francoskim in\u0161titutom\/l\u2019Institut fran\u00e7ais de Slov\u00e9nie\u00a0 nastaja poseben program z namenom pou\u010devanja francoskega jezika na razli\u010dnih stopnjah znanja. <em>Ve\u010d informacij na <a href=\"https:\/\/artkinomreza.si\/wp25\/wp-content\/uploads\/2018\/08\/Solski-katalog-2018-2019-123-cine.pdf\" target=\"_blank\" rel=\"noopener\">povezavi<\/a>.<\/em><\/p>\n","protected":false},"excerpt":{"rendered":"<p>Filmsko-vzgojne dejavnosti za otroke in mlade v AKMS v \u0161olskem letu 2018\/2019: &nbsp; + Pogovori ob filmskih projekcijah za vrtce, osnovne in srednje \u0161ole Ogledu izbranega filma sledi pogovor z otroki in mladimi v kinodvorani, v katerem skupaj razi\u0161\u010demo, kaj nam film sporo\u010da, kak\u0161na ob\u010dutja vzbuja v nas in kak\u0161na so na\u0161a stali\u0161\u010da do videnega.\u00a0Ve\u010d [&hellip;]<\/p>\n","protected":false},"author":39,"featured_media":0,"parent":0,"menu_order":0,"comment_status":"closed","ping_status":"closed","template":"","meta":{"_themeisle_gutenberg_block_has_review":false,"footnotes":""},"class_list":["post-1656","page","type-page","status-publish","hentry"],"_links":{"self":[{"href":"https:\/\/artkinomreza.si\/wp25\/wp-json\/wp\/v2\/pages\/1656","targetHints":{"allow":["GET"]}}],"collection":[{"href":"https:\/\/artkinomreza.si\/wp25\/wp-json\/wp\/v2\/pages"}],"about":[{"href":"https:\/\/artkinomreza.si\/wp25\/wp-json\/wp\/v2\/types\/page"}],"author":[{"embeddable":true,"href":"https:\/\/artkinomreza.si\/wp25\/wp-json\/wp\/v2\/users\/39"}],"replies":[{"embeddable":true,"href":"https:\/\/artkinomreza.si\/wp25\/wp-json\/wp\/v2\/comments?post=1656"}],"version-history":[{"count":7,"href":"https:\/\/artkinomreza.si\/wp25\/wp-json\/wp\/v2\/pages\/1656\/revisions"}],"predecessor-version":[{"id":1667,"href":"https:\/\/artkinomreza.si\/wp25\/wp-json\/wp\/v2\/pages\/1656\/revisions\/1667"}],"wp:attachment":[{"href":"https:\/\/artkinomreza.si\/wp25\/wp-json\/wp\/v2\/media?parent=1656"}],"curies":[{"name":"wp","href":"https:\/\/api.w.org\/{rel}","templated":true}]}}