{"id":1436,"date":"2017-04-27T14:18:40","date_gmt":"2017-04-27T12:18:40","guid":{"rendered":"https:\/\/artkinomreza.si\/wp25\/wp21\/wp21\/?page_id=1436"},"modified":"2021-01-29T22:34:27","modified_gmt":"2021-01-29T21:34:27","slug":"fos","status":"publish","type":"page","link":"https:\/\/artkinomreza.si\/wp25\/fos\/","title":{"rendered":"Filmska osnovna \u0161ola"},"content":{"rendered":"<p><strong>Filmska osnovna \u0161ola (FO\u0160)<\/strong> je 5-letni projekt Art kino mre\u017ee Slovenije (AKMS), ki z brezpla\u010dnimi in raznovrstnimi strokovnimi usposabljanji ter informacijskim spleti\u0161\u010dem <a href=\"http:\/\/www.solafilma.si\/sl\" target=\"_blank\" rel=\"noopener noreferrer\">\u0160ola filma&nbsp;(<\/a><a href=\"http:\/\/www.solafilma.si\">www.solafilma.si<\/a><a href=\"http:\/\/www.solafilma.si\/sl\" target=\"_blank\" rel=\"noopener noreferrer\">)<\/a>&nbsp;kontinuirano krepi kompetence strokovnih delavcev na podro\u010djih filma in filmsko-vzgojnih vsebin ter \u0161iri njihovo dostopnost.&nbsp;FO\u0160 je namenjena vsem <strong>strokovnim delavcem osnovnih \u0161ol<\/strong> in <strong>kulturnih ustanov<\/strong> <strong>na podro\u010dju filma<\/strong> ter <strong>\u0161tudentom<\/strong> avdiovizualnih in drugih programov. V projekt se aktivno vklju\u010dite <strong>z udele\u017ebo na katerikoli dejavnosti pro\u00adjekta.<\/strong><\/p>\n<p>Za vse dodatne informacije <a href=\"http:\/\/www.solafilma.si\/sl\" target=\"_blank\" rel=\"noopener noreferrer\">obi\u0161\u010dite na\u0161o spletno stran<\/a> <strong>\u0160ola filma<\/strong>, nam pi\u0161ite ali nas pokli\u010dite:<\/p>\n\n\n<p><strong>Petra Gaj\u017eler,&nbsp;<\/strong>vodja projekta<br>M: 040\/778-302<br>E: petra.gajzler@artkinomreza.si<\/p>\n\n\n\n<p><strong>Marina Kataleni\u0107,&nbsp;<\/strong>koordinatorka projekta<br>M: 040\/778-301<br>E: filmska-os@artkinomreza.si<\/p>\n\n\n\n<h2 class=\"wp-block-heading\">Program usposabljanj FO\u0160 po \u0161olskih letih<\/h2>\n\n\n\n<h3 class=\"wp-block-heading\">2020\/21: Novi svetovi dokumentarnega filma <\/h3>\n\n\n\n<figure class=\"wp-block-image size-large\"><img loading=\"lazy\" decoding=\"async\" width=\"800\" height=\"450\" src=\"https:\/\/artkinomreza.si\/wp25\/wp-content\/uploads\/2020\/11\/SLIKA-1_NASLOVNICA-800x450.png\" alt=\"\" class=\"wp-image-1916\" srcset=\"https:\/\/artkinomreza.si\/wp25\/wp-content\/uploads\/2020\/11\/SLIKA-1_NASLOVNICA-800x450.png 800w, https:\/\/artkinomreza.si\/wp25\/wp-content\/uploads\/2020\/11\/SLIKA-1_NASLOVNICA-533x300.png 533w, https:\/\/artkinomreza.si\/wp25\/wp-content\/uploads\/2020\/11\/SLIKA-1_NASLOVNICA-768x432.png 768w, https:\/\/artkinomreza.si\/wp25\/wp-content\/uploads\/2020\/11\/SLIKA-1_NASLOVNICA-1536x864.png 1536w, https:\/\/artkinomreza.si\/wp25\/wp-content\/uploads\/2020\/11\/SLIKA-1_NASLOVNICA-940x529.png 940w, https:\/\/artkinomreza.si\/wp25\/wp-content\/uploads\/2020\/11\/SLIKA-1_NASLOVNICA-620x349.png 620w, https:\/\/artkinomreza.si\/wp25\/wp-content\/uploads\/2020\/11\/SLIKA-1_NASLOVNICA-195x110.png 195w, https:\/\/artkinomreza.si\/wp25\/wp-content\/uploads\/2020\/11\/SLIKA-1_NASLOVNICA.png 1920w\" sizes=\"auto, (max-width: 800px) 100vw, 800px\" \/><\/figure>\n\n\n\n<p><a href=\"http:\/\/www.solafilma.si\/sl\/teme\/prispevki-usposabljanja\/predstavitev-usposabljanj\/solsko-leto-202021?projekt=fos#row-top\" target=\"_blank\" rel=\"noreferrer noopener\">Na povezavi<\/a> si oglejte program usposabljanj za \u0161olsko leto 2020\/21.<\/p>\n\n\n\n<h3 class=\"wp-block-heading\">2019\/2020: Igrani film v bli\u017enjem planu<\/h3>\n\n\n\n<figure class=\"wp-block-image size-large\"><img loading=\"lazy\" decoding=\"async\" width=\"800\" height=\"533\" src=\"https:\/\/artkinomreza.si\/wp25\/wp-content\/uploads\/2020\/11\/SLIKA_-1_BINTI_naslovnica-800x533.jpg\" alt=\"\" class=\"wp-image-1917\" srcset=\"https:\/\/artkinomreza.si\/wp25\/wp-content\/uploads\/2020\/11\/SLIKA_-1_BINTI_naslovnica-800x533.jpg 800w, https:\/\/artkinomreza.si\/wp25\/wp-content\/uploads\/2020\/11\/SLIKA_-1_BINTI_naslovnica-450x300.jpg 450w, https:\/\/artkinomreza.si\/wp25\/wp-content\/uploads\/2020\/11\/SLIKA_-1_BINTI_naslovnica-768x512.jpg 768w, https:\/\/artkinomreza.si\/wp25\/wp-content\/uploads\/2020\/11\/SLIKA_-1_BINTI_naslovnica-1536x1024.jpg 1536w, https:\/\/artkinomreza.si\/wp25\/wp-content\/uploads\/2020\/11\/SLIKA_-1_BINTI_naslovnica-940x626.jpg 940w, https:\/\/artkinomreza.si\/wp25\/wp-content\/uploads\/2020\/11\/SLIKA_-1_BINTI_naslovnica-620x413.jpg 620w, https:\/\/artkinomreza.si\/wp25\/wp-content\/uploads\/2020\/11\/SLIKA_-1_BINTI_naslovnica-195x130.jpg 195w, https:\/\/artkinomreza.si\/wp25\/wp-content\/uploads\/2020\/11\/SLIKA_-1_BINTI_naslovnica.jpg 1772w\" sizes=\"auto, (max-width: 800px) 100vw, 800px\" \/><\/figure>\n\n\n\n<p><a rel=\"noreferrer noopener\" href=\"http:\/\/www.solafilma.si\/sl\/teme\/prispevki-usposabljanja\/predstavitev-usposabljanj\/solsko-leto-201920?projekt=fos#row-top\" target=\"_blank\">Na povezavi<\/a> si oglejte program usposabljanj za \u0161olsko leto 2019\/20.<\/p>\n\n\n\n<h3 class=\"wp-block-heading\">2018\/2019: Prilo\u017enosti in izzivi animiranega filma<\/h3>\n\n\n\n<figure class=\"wp-block-image size-large\"><img loading=\"lazy\" decoding=\"async\" width=\"800\" height=\"450\" src=\"https:\/\/artkinomreza.si\/wp25\/wp-content\/uploads\/2020\/11\/SLIKA-1_Snezinka-800x450.jpg\" alt=\"\" class=\"wp-image-1918\" srcset=\"https:\/\/artkinomreza.si\/wp25\/wp-content\/uploads\/2020\/11\/SLIKA-1_Snezinka-800x450.jpg 800w, https:\/\/artkinomreza.si\/wp25\/wp-content\/uploads\/2020\/11\/SLIKA-1_Snezinka-533x300.jpg 533w, https:\/\/artkinomreza.si\/wp25\/wp-content\/uploads\/2020\/11\/SLIKA-1_Snezinka-768x432.jpg 768w, https:\/\/artkinomreza.si\/wp25\/wp-content\/uploads\/2020\/11\/SLIKA-1_Snezinka-940x529.jpg 940w, https:\/\/artkinomreza.si\/wp25\/wp-content\/uploads\/2020\/11\/SLIKA-1_Snezinka-620x349.jpg 620w, https:\/\/artkinomreza.si\/wp25\/wp-content\/uploads\/2020\/11\/SLIKA-1_Snezinka-195x110.jpg 195w, https:\/\/artkinomreza.si\/wp25\/wp-content\/uploads\/2020\/11\/SLIKA-1_Snezinka.jpg 1024w\" sizes=\"auto, (max-width: 800px) 100vw, 800px\" \/><\/figure>\n\n\n\n<p><a rel=\"noreferrer noopener\" href=\"http:\/\/www.solafilma.si\/sl\/teme\/prispevki-usposabljanja\/predstavitev-usposabljanj\/solsko-leto-201819?projekt=fos#row-top\" target=\"_blank\">Na povezavi<\/a> si oglejte program usposabljanj za \u0161olsko leto 2018\/19.<\/p>\n\n\n\n<h3 class=\"wp-block-heading\">2017\/2018: Filmska vzgoja v u\u010dilnici in v kinu<\/h3>\n\n\n\n<figure class=\"wp-block-image size-large\"><img loading=\"lazy\" decoding=\"async\" width=\"800\" height=\"450\" src=\"https:\/\/artkinomreza.si\/wp25\/wp-content\/uploads\/2020\/11\/owls-and-mice_2-800x450.jpg\" alt=\"\" class=\"wp-image-1919\" srcset=\"https:\/\/artkinomreza.si\/wp25\/wp-content\/uploads\/2020\/11\/owls-and-mice_2-800x450.jpg 800w, https:\/\/artkinomreza.si\/wp25\/wp-content\/uploads\/2020\/11\/owls-and-mice_2-533x300.jpg 533w, https:\/\/artkinomreza.si\/wp25\/wp-content\/uploads\/2020\/11\/owls-and-mice_2-768x432.jpg 768w, https:\/\/artkinomreza.si\/wp25\/wp-content\/uploads\/2020\/11\/owls-and-mice_2-1536x864.jpg 1536w, https:\/\/artkinomreza.si\/wp25\/wp-content\/uploads\/2020\/11\/owls-and-mice_2-2048x1152.jpg 2048w, https:\/\/artkinomreza.si\/wp25\/wp-content\/uploads\/2020\/11\/owls-and-mice_2-940x529.jpg 940w, https:\/\/artkinomreza.si\/wp25\/wp-content\/uploads\/2020\/11\/owls-and-mice_2-620x349.jpg 620w, https:\/\/artkinomreza.si\/wp25\/wp-content\/uploads\/2020\/11\/owls-and-mice_2-195x110.jpg 195w\" sizes=\"auto, (max-width: 800px) 100vw, 800px\" \/><\/figure>\n\n\n\n<p><a rel=\"noreferrer noopener\" href=\"http:\/\/www.solafilma.si\/sl\/teme\/prispevki-usposabljanja\/predstavitev-usposabljanj\/solsko-leto-201718?projekt=fos#row-top\" target=\"_blank\">Na povezavi<\/a> si oglejte program usposabljanj za \u0161olsko leto 2017\/18.<\/p>\n\n\n\n<h2 class=\"wp-block-heading\">Spletna stran \u0160ola filma<\/h2>\n\n\n\n<p>Obi\u0161\u010dite spletno platformo o filmu in filmski vzgoji za strokovne delavce v vzgoji in izobra\u017eevanju, ki jo pripravljata projekta <strong>Filmska osnovna \u0161ola<\/strong> in <strong>Razumevanje filma<\/strong>.<\/p>\n\n\n\n<ul class=\"wp-block-list\"><li><strong><a href=\"http:\/\/www.solafilma.si\/sl\/dogodki?month=2020-11-01\" target=\"_blank\" rel=\"noreferrer noopener\">Koledar dogodkov<\/a><\/strong>: Poi\u0161\u010dite in prijavite se na raznolika strokovna usposabljanja FO\u0160.<\/li><li><strong><a href=\"http:\/\/www.solafilma.si\/sl\/novice\" target=\"_blank\" rel=\"noreferrer noopener\">Aktualne novice<\/a><\/strong>: Spremljajte in naro\u010dite se na novice s podro\u010dij filma in filmske vzgoje.<\/li><li><strong><a href=\"http:\/\/www.solafilma.si\/sl\/filmska-baza\" target=\"_blank\" rel=\"noreferrer noopener\">Filmska baza<\/a><\/strong>: Oglejte si izbor kratkih in celove\u010dernih filmov z u\u010denci v razredu.<\/li><li><strong><a href=\"http:\/\/www.solafilma.si\/sl\/teme\/prispevki-usposabljanja\/prispevki-z-usposabljanj\" target=\"_blank\" rel=\"noreferrer noopener\">Uporabna gradiva<\/a><\/strong>: Razi\u0161\u010dite gradiva za pomo\u010d pri izvajanju filmske vzgoje: Pedago\u0161ka gradiva, Prispevki z usposabljanj itd.<\/li><li><strong><a href=\"http:\/\/www.solafilma.si\/sl\/spletna-ucilnica\" target=\"_blank\" rel=\"noreferrer noopener\">Povezava do spletne u\u010dilnice FVZ<\/a><\/strong>: Obi\u0161\u010dite novo spletno u\u010dilnico, ki jo pripravljamo skupaj z Zavodom za \u0161olstvo.<\/li><li><strong><a href=\"http:\/\/www.solafilma.si\/sl\/teme\/brskalnik-po-filmsko-vzgojnih-dejavnostih\" target=\"_blank\" rel=\"noreferrer noopener\">Brskalnik po filmsko-vzgojnih dejavnostih<\/a><\/strong>: Odkrijte raznolike filmsko-vzgojne ponudnike v Sloveniji.<\/li><\/ul>\n\n\n\n<figure class=\"wp-block-image\"><img decoding=\"async\" src=\"https:\/\/artkinomreza.si\/wp25\/wp-content\/uploads\/2017\/04\/fos-glava.jpg\" alt=\"\"\/><\/figure>\n\n\n\n<p><em>Nalo\u017ebo sofinancirata Evropska unija iz Evropskega socialnega sklada in Republika Slovenija.<\/em><\/p>\n","protected":false},"excerpt":{"rendered":"<p>Filmska osnovna \u0161ola (FO\u0160) je 5-letni projekt Art kino mre\u017ee Slovenije (AKMS), ki z brezpla\u010dnimi in raznovrstnimi strokovnimi usposabljanji ter informacijskim spleti\u0161\u010dem \u0160ola filma&nbsp;(www.solafilma.si)&nbsp;kontinuirano krepi kompetence strokovnih delavcev na podro\u010djih filma in filmsko-vzgojnih vsebin ter \u0161iri njihovo dostopnost.&nbsp;FO\u0160 je namenjena vsem strokovnim delavcem osnovnih \u0161ol in kulturnih ustanov na podro\u010dju filma ter \u0161tudentom avdiovizualnih in [&hellip;]<\/p>\n","protected":false},"author":19,"featured_media":0,"parent":0,"menu_order":0,"comment_status":"closed","ping_status":"closed","template":"","meta":{"_themeisle_gutenberg_block_has_review":false,"footnotes":""},"class_list":["post-1436","page","type-page","status-publish","hentry"],"_links":{"self":[{"href":"https:\/\/artkinomreza.si\/wp25\/wp-json\/wp\/v2\/pages\/1436","targetHints":{"allow":["GET"]}}],"collection":[{"href":"https:\/\/artkinomreza.si\/wp25\/wp-json\/wp\/v2\/pages"}],"about":[{"href":"https:\/\/artkinomreza.si\/wp25\/wp-json\/wp\/v2\/types\/page"}],"author":[{"embeddable":true,"href":"https:\/\/artkinomreza.si\/wp25\/wp-json\/wp\/v2\/users\/19"}],"replies":[{"embeddable":true,"href":"https:\/\/artkinomreza.si\/wp25\/wp-json\/wp\/v2\/comments?post=1436"}],"version-history":[{"count":48,"href":"https:\/\/artkinomreza.si\/wp25\/wp-json\/wp\/v2\/pages\/1436\/revisions"}],"predecessor-version":[{"id":2326,"href":"https:\/\/artkinomreza.si\/wp25\/wp-json\/wp\/v2\/pages\/1436\/revisions\/2326"}],"wp:attachment":[{"href":"https:\/\/artkinomreza.si\/wp25\/wp-json\/wp\/v2\/media?parent=1436"}],"curies":[{"name":"wp","href":"https:\/\/api.w.org\/{rel}","templated":true}]}}