{"id":1287,"date":"2016-04-09T17:51:24","date_gmt":"2016-04-09T15:51:24","guid":{"rendered":"https:\/\/artkinomreza.si\/wp25\/wp21\/wp21\/?page_id=1287"},"modified":"2025-07-23T10:51:02","modified_gmt":"2025-07-23T08:51:02","slug":"filmska-vzgoja-v-akms","status":"publish","type":"page","link":"https:\/\/artkinomreza.si\/wp25\/filmska-vzgoja-v-akms\/","title":{"rendered":"Filmska vzgoja"},"content":{"rendered":"<p>V Art kino mre\u017ei Slovenije poteka ve\u010d filmsko-vzgojnih dejavnosti, namenjenih vzgojno-izobra\u017eevalnim zavodom po vsej Sloveniji.\u00a0Poleg ponudbe, ki jo posamezni \u010dlani mre\u017ee pripravljajo samostojno, potekajo tudi skupni projekti na nacionalni ravni.<\/p>\n<p>Aktualne filmsko-vzgojne dejavnosti:<\/p>\n<ul>\n<li><a href=\"https:\/\/artkinomreza.si\/wp25\/filmska-vzgoja-v-akms\/abc-animiranega-filma-2021-22\/\" target=\"_blank\" rel=\"noopener\">ABC animiranega filma 2021\/22<\/a><\/li>\n<li><a href=\"https:\/\/artkinomreza.si\/wp25\/pedagoska-gradiva\/\">Pedago\u0161ka gradiva<\/a><\/li>\n<\/ul>\n<p>Filmsko-vzgojne dejavnosti preteklih \u0161olskih let:<\/p>\n<ul>\n<li><a href=\"https:\/\/artkinomreza.si\/wp25\/filmska-vzgoja-v-akms\/abc-animiranega-filma\/\" target=\"_blank\" rel=\"noopener noreferrer\">ABC animiranega filma<\/a> 2020\/2021<\/li>\n<li><a href=\"https:\/\/artkinomreza.si\/wp25\/fos\/\">Filmska osnovna \u0161ola<\/a> 2016-2021<\/li>\n<li><a href=\"https:\/\/artkinomreza.si\/wp25\/filmska-vzgoja-v-akms-v-solskem-letu-20182019\/\" target=\"_blank\" rel=\"noopener noreferrer\">Filmska vzgoja v AKMS v \u0161olskem letu <\/a>2018\/2019<\/li>\n<li><a href=\"https:\/\/artkinomreza.si\/wp25\/wp-content\/uploads\/2017\/04\/KNJI%C5%BDICA_FV-V-AKMS-2017_18.pdf\" target=\"_blank\" rel=\"noopener noreferrer\">Filmska vzgoja v AKMS v \u0161olskem letu <\/a>2017\/2018<\/li>\n<li><a href=\"https:\/\/artkinomreza.si\/wp25\/nacionalni-filmsko-vzgojni-program\/\">Nacionalni filmsko-vzgojni program <\/a>2014\/2015<\/li>\n<li><a href=\"https:\/\/artkinomreza.si\/wp25\/brezplacna-filmska-vzgoja-v-slovenskih-kinematografih-v-solskem-letu-20142015\/\">Brezpla\u010dne pedago\u0161ke vsebine k \u0161olskim projekcijam <\/a>2014\/2015<\/li>\n<li><a href=\"https:\/\/artkinomreza.si\/wp25\/filmska-vzgoja\/\">Brezpla\u010dne pedago\u0161ke vsebine k \u0161olskim projekcijam <\/a>2013\/2014<\/li>\n<\/ul>\n","protected":false},"excerpt":{"rendered":"<p>V Art kino mre\u017ei Slovenije poteka ve\u010d filmsko-vzgojnih dejavnosti, namenjenih vzgojno-izobra\u017eevalnim zavodom po vsej Sloveniji.\u00a0Poleg ponudbe, ki jo posamezni \u010dlani mre\u017ee pripravljajo samostojno, potekajo tudi skupni projekti na nacionalni ravni. Aktualne filmsko-vzgojne dejavnosti: ABC animiranega filma 2021\/22 Pedago\u0161ka gradiva Filmsko-vzgojne dejavnosti preteklih \u0161olskih let: ABC animiranega filma 2020\/2021 Filmska osnovna \u0161ola 2016-2021 Filmska vzgoja v [&hellip;]<\/p>\n","protected":false},"author":35,"featured_media":0,"parent":0,"menu_order":0,"comment_status":"open","ping_status":"open","template":"","meta":{"_themeisle_gutenberg_block_has_review":false,"footnotes":""},"class_list":["post-1287","page","type-page","status-publish","hentry"],"_links":{"self":[{"href":"https:\/\/artkinomreza.si\/wp25\/wp-json\/wp\/v2\/pages\/1287","targetHints":{"allow":["GET"]}}],"collection":[{"href":"https:\/\/artkinomreza.si\/wp25\/wp-json\/wp\/v2\/pages"}],"about":[{"href":"https:\/\/artkinomreza.si\/wp25\/wp-json\/wp\/v2\/types\/page"}],"author":[{"embeddable":true,"href":"https:\/\/artkinomreza.si\/wp25\/wp-json\/wp\/v2\/users\/35"}],"replies":[{"embeddable":true,"href":"https:\/\/artkinomreza.si\/wp25\/wp-json\/wp\/v2\/comments?post=1287"}],"version-history":[{"count":20,"href":"https:\/\/artkinomreza.si\/wp25\/wp-json\/wp\/v2\/pages\/1287\/revisions"}],"predecessor-version":[{"id":3236,"href":"https:\/\/artkinomreza.si\/wp25\/wp-json\/wp\/v2\/pages\/1287\/revisions\/3236"}],"wp:attachment":[{"href":"https:\/\/artkinomreza.si\/wp25\/wp-json\/wp\/v2\/media?parent=1287"}],"curies":[{"name":"wp","href":"https:\/\/api.w.org\/{rel}","templated":true}]}}