{"id":2393,"date":"2016-04-09T17:51:24","date_gmt":"2016-04-09T15:51:24","guid":{"rendered":"https:\/\/artkinomreza.si\/wp25\/wp21\/filmska-vzgoja-v-akms\/"},"modified":"2021-01-31T18:42:40","modified_gmt":"2021-01-31T17:42:40","slug":"filmska-vzgoja-v-akms","status":"publish","type":"page","link":"https:\/\/artkinomreza.si\/wp25\/en\/filmska-vzgoja-v-akms\/","title":{"rendered":"Movie Education"},"content":{"rendered":"\n<p>Since it&#8217;s very beginings, Slovenian Art Cinema Association has strived to improve film literacy of Slovenian youth, general public and professionals alike. <\/p>\n\n\n\n<p>&#8230;.<\/p>\n\n\n\n<p><strong>Besedilo, zanimivo tujcem, morda kaj o vpletenosti AKMS v pripravo Strategijo razvoja nacionalnega programa filmske vzgoje, &#8230;<\/strong><\/p>\n\n\n\n<p>V Art kino mre\u017ei Slovenije poteka ve\u010d filmsko-vzgojnih dejavnosti, namenjenih vzgojno-izobra\u017eevalnim zavodom po vsej Sloveniji.\u00a0Poleg ponudbe, ki jo posamezni <a rel=\"noopener noreferrer\" href=\"https:\/\/artkinomreza.si\/wp25\/seznam-clanov\/\" target=\"_blank\">\u010dlani mre\u017ee<\/a> pripravljajo samostojno, potekajo tudi skupni projekti na nacionalni ravni.<\/p>\n\n\n\n<p>Aktualne filmsko-vzgojne dejavnosti:<\/p>\n\n\n\n<ul class=\"wp-block-list\"><li><a href=\"https:\/\/artkinomreza.si\/wp25\/filmska-vzgoja-v-akms\/abc-animiranega-filma\/\" target=\"_blank\" rel=\"noopener noreferrer\">ABC animiranega filma<\/a> (2020\/21)<\/li><li><a href=\"https:\/\/artkinomreza.si\/wp25\/fos\/\">Filmska osnovna \u0161ola<\/a>&nbsp;(2016-2021)<\/li><li><a href=\"https:\/\/artkinomreza.si\/wp25\/pedagoska-gradiva\/\">Pedago\u0161ka gradiva<\/a><\/li><\/ul>\n\n\n\n<p>Filmsko-vzgojne dejavnosti preteklih \u0161olskih let:<\/p>\n\n\n\n<ul class=\"wp-block-list\"><li><a href=\"https:\/\/artkinomreza.si\/wp25\/filmska-vzgoja-v-akms-v-solskem-letu-20182019\/\" target=\"_blank\" rel=\"noopener noreferrer\">Filmska vzgoja v AKMS v \u0161olskem letu 2018\/2019<\/a><\/li><li><a href=\"https:\/\/artkinomreza.si\/wp25\/wp-content\/uploads\/2017\/04\/KNJI%C5%BDICA_FV-V-AKMS-2017_18.pdf\" target=\"_blank\" rel=\"noopener noreferrer\">Filmska vzgoja v AKMS v \u0161olskem letu 2017\/2018<\/a><\/li><li><a href=\"https:\/\/artkinomreza.si\/wp25\/nacionalni-filmsko-vzgojni-program\/\">Nacionalni filmsko-vzgojni program 2014\/2015<\/a><\/li><li><a href=\"https:\/\/artkinomreza.si\/wp25\/brezplacna-filmska-vzgoja-v-slovenskih-kinematografih-v-solskem-letu-20142015\/\">Brezpla\u010dne pedago\u0161ke vsebine k \u0161olskim projekcijam 2014\/2015<\/a><\/li><li><a href=\"https:\/\/artkinomreza.si\/wp25\/filmska-vzgoja\/\">Brezpla\u010dne pedago\u0161ke vsebine k \u0161olskim projekcijam 2013\/2014<\/a><\/li><\/ul>\n","protected":false},"excerpt":{"rendered":"<p>Since it&#8217;s very beginings, Slovenian Art Cinema Association has strived to improve film literacy of Slovenian youth, general public and professionals alike. &#8230;. Besedilo, zanimivo tujcem, morda kaj o vpletenosti AKMS v pripravo Strategijo razvoja nacionalnega programa filmske vzgoje, &#8230; V Art kino mre\u017ei Slovenije poteka ve\u010d filmsko-vzgojnih dejavnosti, namenjenih vzgojno-izobra\u017eevalnim zavodom po vsej Sloveniji.\u00a0Poleg [&hellip;]<\/p>\n","protected":false},"author":35,"featured_media":0,"parent":0,"menu_order":0,"comment_status":"open","ping_status":"open","template":"","meta":{"_themeisle_gutenberg_block_has_review":false,"footnotes":""},"class_list":["post-2393","page","type-page","status-publish","hentry"],"_links":{"self":[{"href":"https:\/\/artkinomreza.si\/wp25\/en\/wp-json\/wp\/v2\/pages\/2393","targetHints":{"allow":["GET"]}}],"collection":[{"href":"https:\/\/artkinomreza.si\/wp25\/en\/wp-json\/wp\/v2\/pages"}],"about":[{"href":"https:\/\/artkinomreza.si\/wp25\/en\/wp-json\/wp\/v2\/types\/page"}],"author":[{"embeddable":true,"href":"https:\/\/artkinomreza.si\/wp25\/en\/wp-json\/wp\/v2\/users\/35"}],"replies":[{"embeddable":true,"href":"https:\/\/artkinomreza.si\/wp25\/en\/wp-json\/wp\/v2\/comments?post=2393"}],"version-history":[{"count":2,"href":"https:\/\/artkinomreza.si\/wp25\/en\/wp-json\/wp\/v2\/pages\/2393\/revisions"}],"predecessor-version":[{"id":2397,"href":"https:\/\/artkinomreza.si\/wp25\/en\/wp-json\/wp\/v2\/pages\/2393\/revisions\/2397"}],"wp:attachment":[{"href":"https:\/\/artkinomreza.si\/wp25\/en\/wp-json\/wp\/v2\/media?parent=2393"}],"curies":[{"name":"wp","href":"https:\/\/api.w.org\/{rel}","templated":true}]}}